{"id":1270,"date":"2024-05-17T07:43:03","date_gmt":"2024-05-17T07:43:03","guid":{"rendered":"https:\/\/www.bwcompanyshop.com\/dodani-a-platba\/"},"modified":"2024-08-28T08:58:42","modified_gmt":"2024-08-28T08:58:42","slug":"dodani-a-platba","status":"publish","type":"page","link":"https:\/\/www.bwcompanyshop.com\/cs\/dodani-a-platba\/","title":{"rendered":"Dod\u00e1n\u00ed a platba"},"content":{"rendered":"<p class=\"has-text-align-center\"><a href=\"http:\/\/WWW.BWCOMPANYSHOP.COM\" data-type=\"link\" data-id=\"WWW.BWCOMPANYSHOP.COM\"><strong>WWW.BWCOMPANYSHOP.COM<\/strong><\/a><\/p><h3 class=\"wp-block-heading\">N\u00c1KLADY, \u010cASOV\u00dd PL\u00c1N A ZP\u016eSOB DOD\u00c1N\u00cd PRODUKTU.<\/h3><blockquote class=\"wp-block-quote is-layout-flow wp-block-quote-is-layout-flow\"><ul><li>N\u00e1klady na dod\u00e1n\u00ed v\u00fdrobku, kter\u00e9 hrad\u00ed z\u00e1kazn\u00edk, <strong>jsou stanoveny v pr\u016fb\u011bhu procesu objedn\u00e1v\u00e1n\u00ed<\/strong> a z\u00e1vis\u00ed na volb\u011b zp\u016fsobu platby a zp\u016fsobu dod\u00e1n\u00ed zakoupen\u00e9ho v\u00fdrobku.<\/li>\n\n<li><strong>Doba dod\u00e1n\u00ed V\u00fdrobku<\/strong> se skl\u00e1d\u00e1 z <strong>doby pot\u0159ebn\u00e9 k dokon\u010den\u00ed V\u00fdrobku a doby pot\u0159ebn\u00e9 k doru\u010den\u00ed V\u00fdrobku dopravcem<\/strong>:<ul><li>Doba pot\u0159ebn\u00e1 k dokon\u010den\u00ed produkt\u016f je do 1 pracovn\u00edho dne od okam\u017eiku:<\/li>\n\n<li>za\u00fa\u010dtov\u00e1n\u00ed finan\u010dn\u00edch prost\u0159edk\u016f vyplacen\u00fdch na z\u00e1klad\u011b kupn\u00ed smlouvy na \u00fa\u010det prod\u00e1vaj\u00edc\u00edho.<\/li>\n\n<li>nebo pozitivn\u00ed autorizace transakce elektronick\u00fdm platebn\u00edm syst\u00e9mem.<\/li>\n\n<li>nebo p\u0159ijet\u00ed Objedn\u00e1vky k realizaci Prod\u00e1vaj\u00edc\u00edm v p\u0159\u00edpad\u011b volby platby p\u0159i dod\u00e1n\u00ed,<\/li>\n\n<li>dod\u00e1n\u00ed movit\u00e9ho zbo\u017e\u00ed dopravcem se uskute\u010dn\u00ed ve lh\u016ft\u011b deklarovan\u00e9 dopravcem, tj.\ndo 3 pracovn\u00edch dn\u016f od okam\u017eiku odesl\u00e1n\u00ed (doru\u010den\u00ed se uskute\u010dn\u00ed pouze v pracovn\u00ed dny s v\u00fdjimkou sobot, ned\u011bl\u00ed a sv\u00e1tk\u016f). <\/li><\/ul><\/li>\n\n<li>V\u00fdrobky zakoupen\u00e9 v obchod\u011b jsou zas\u00edl\u00e1ny kur\u00fdrn\u00ed slu\u017ebou.<\/li><\/ul><\/blockquote><h2 class=\"wp-block-heading has-text-align-center\"><strong>Spole\u010dnost B&amp;W<\/strong><\/h2><p class=\"has-text-align-center\"><strong>B&amp;W Sp.<br>z o.o.  <\/strong><br><br>34-120 Andrych\u00f3w ul. <br>S\u0142owackiego 4D\/2 POLSKO <br><strong>NIP (VATEU)<\/strong>: PL5512638820<\/p><p class=\"has-text-align-center\"><strong>\u010c\u00edslo bankovn\u00edho \u00fa\u010dtu:<\/strong> 03 1020 1433 0000 1202 0193 7952<br>BIC SWIFT: <strong>BPKOPLPW<\/strong><\/p><p class=\"has-text-align-center\"><br><strong>Tel:<\/strong> +48 500 301 733<br><strong>E-mail:<\/strong> sklep@bwcompany.pl<\/p>","protected":false},"excerpt":{"rendered":"<p>WWW.BWCOMPANYSHOP.COM N\u00c1KLADY, \u010cASOV\u00dd PL\u00c1N A ZP\u016eSOB DOD\u00c1N\u00cd PRODUKTU. Spole\u010dnost B&amp;W B&amp;W Sp.z o.o. 34-120 Andrych\u00f3w ul. S\u0142owackiego 4D\/2 POLSKO NIP (VATEU): PL5512638820 \u010c\u00edslo bankovn\u00edho \u00fa\u010dtu: 03 1020 1433 0000 1202 0193 7952BIC SWIFT: BPKOPLPW Tel: +48 500 301 733E-mail: sklep@bwcompany.pl<\/p>\n","protected":false},"author":2,"featured_media":0,"parent":0,"menu_order":0,"comment_status":"closed","ping_status":"closed","template":"","meta":{"neve_meta_sidebar":"","neve_meta_container":"","neve_meta_enable_content_width":"","neve_meta_content_width":0,"neve_meta_title_alignment":"","neve_meta_author_avatar":"","neve_post_elements_order":"","neve_meta_disable_header":"","neve_meta_disable_footer":"","neve_meta_disable_title":"","_themeisle_gutenberg_block_has_review":false,"footnotes":""},"jetpack_sharing_enabled":true,"_links":{"self":[{"href":"https:\/\/www.bwcompanyshop.com\/cs\/wp-json\/wp\/v2\/pages\/1270"}],"collection":[{"href":"https:\/\/www.bwcompanyshop.com\/cs\/wp-json\/wp\/v2\/pages"}],"about":[{"href":"https:\/\/www.bwcompanyshop.com\/cs\/wp-json\/wp\/v2\/types\/page"}],"author":[{"embeddable":true,"href":"https:\/\/www.bwcompanyshop.com\/cs\/wp-json\/wp\/v2\/users\/2"}],"replies":[{"embeddable":true,"href":"https:\/\/www.bwcompanyshop.com\/cs\/wp-json\/wp\/v2\/comments?post=1270"}],"version-history":[{"count":3,"href":"https:\/\/www.bwcompanyshop.com\/cs\/wp-json\/wp\/v2\/pages\/1270\/revisions"}],"predecessor-version":[{"id":1289,"href":"https:\/\/www.bwcompanyshop.com\/cs\/wp-json\/wp\/v2\/pages\/1270\/revisions\/1289"}],"wp:attachment":[{"href":"https:\/\/www.bwcompanyshop.com\/cs\/wp-json\/wp\/v2\/media?parent=1270"}],"curies":[{"name":"wp","href":"https:\/\/api.w.org\/{rel}","templated":true}]}}