{"id":954,"date":"2024-05-06T12:07:39","date_gmt":"2024-05-06T12:07:39","guid":{"rendered":"https:\/\/www.bwcompanyshop.com\/?page_id=954"},"modified":"2024-05-07T06:56:17","modified_gmt":"2024-05-07T06:56:17","slug":"zasady-ochrany-osobnich-udaju-internetoveho-obchodu","status":"publish","type":"page","link":"https:\/\/www.bwcompanyshop.com\/cs\/zasady-ochrany-osobnich-udaju-internetoveho-obchodu\/","title":{"rendered":"Z\u00e1sady ochrany osobn\u00edch \u00fadaj\u016f internetov\u00e9ho obchodu"},"content":{"rendered":"<p class=\"has-text-align-center\"><a href=\"http:\/\/www.bwcompanyshop.com\/\"><strong>WWW.BWCOMPANYSHOP.COM<\/strong><\/a><\/p><h3 class=\"wp-block-heading\"><strong><strong>\u00a7 1<\/strong> OBECN\u00c9 USTANOVEN\u00cd<\/strong><\/h3><p>Administr\u00e1torem osobn\u00edch \u00fadaj\u016f shrom\u00e1\u017ed\u011bn\u00fdch prost\u0159ednictv\u00edm internetov\u00e9ho obchodu <a href=\"http:\/\/www.bwcompanyshop.com\/\">www.bwcompanyshop.com<\/a> je spole\u010dnost B&amp;W SPOLE\u010cNOST S RU\u010cEN\u00cdM OMEZEN\u00ddM zapsan\u00e1 do rejst\u0159\u00edku podnikatel\u016f soudem S\u0104D REJONOWY DLA KRAKOWA \u015aR\u00d3DMIE\u015aCIA W KRAKOWIE, XII HOSPOD\u00c1\u0158SK\u00dd ODD\u00cdL N\u00c1RODN\u00cdHO SOUDN\u00cdHO REJST\u0158\u00cdKU pod \u010d\u00edslem KRS: 0000772290. Z\u00e1kladn\u00ed kapit\u00e1l: 280 000,00 Z\u0141.<\/p><p>M\u00edsto podnik\u00e1n\u00ed a adresa pro doru\u010dov\u00e1n\u00ed: ul. S\u0142owackiego 4D\/2, 34-120 Andrych\u00f3w, NIP: 5512638820, REGON: 382600445, e-mailov\u00e1 adresa: <a>sklep@bwcompany.pl<\/a>, telefonn\u00ed \u010d\u00edslo: +48 506 175 899, d\u00e1le jen \u201eAdministr\u00e1tor\u201c a z\u00e1rove\u0148 \u201ePoskytovatel slu\u017eeb\u201c.<\/p><p>Osobn\u00ed \u00fadaje shroma\u017e\u010fovan\u00e9 Administr\u00e1torem prost\u0159ednictv\u00edm webov\u00fdch str\u00e1nek jsou zpracov\u00e1v\u00e1ny v souladu s Na\u0159\u00edzen\u00edm Evropsk\u00e9ho parlamentu a Rady (EU) 2016\/679 ze dne 27. dubna 2016 o ochran\u011b fyzick\u00fdch osob v souvislosti se zpracov\u00e1n\u00edm osobn\u00edch \u00fadaj\u016f a o voln\u00e9m pohybu t\u011bchto \u00fadaj\u016f a o zru\u0161en\u00ed sm\u011brnice 95\/46\/ES (obecn\u00e9 na\u0159\u00edzen\u00ed o ochran\u011b \u00fadaj\u016f), d\u00e1le jen GDPR.<\/p><p>V\u0161echna slova nebo v\u00fdrazy psan\u00e9 v textu t\u00e9to Z\u00e1sady ochrany osobn\u00edch \u00fadaj\u016f velk\u00fdmi p\u00edsmeny jsou definov\u00e1na v souladu s jejich definic\u00ed uvedenou ve V\u0161eobecn\u00fdch obchodn\u00edch podm\u00ednk\u00e1ch internetov\u00e9ho obchodu <a href=\"http:\/\/www.bwcompanyshop.com\/\">www.bwcompanyshop.com<\/a>.<\/p><h3 class=\"wp-block-heading\"><strong><strong>\u00a7 2<\/strong> DRUH ZPRACOV\u00c1VAN\u00ddCH OSOBN\u00cdCH \u00daDAJ\u016e, \u00da\u010cEL A ROZSAH SB\u011aRU \u00daDAJ\u016e<\/strong><\/h3><p>\u00da\u010cEL ZPRACOV\u00c1N\u00cd A PR\u00c1VN\u00cd Z\u00c1KLAD. Administr\u00e1tor zpracov\u00e1v\u00e1 osobn\u00ed \u00fadaje u\u017eivatel\u016f obchodu <a href=\"http:\/\/www.bwcompanyshop.com\/\">www.bwcompanyshop.com<\/a> v p\u0159\u00edpadech:<\/p><ul><li>registrace \u00fa\u010dtu v obchod\u011b za \u00fa\u010delem vytvo\u0159en\u00ed individu\u00e1ln\u00edho \u00fa\u010dtu a spr\u00e1vy tohoto \u00fa\u010dtu na z\u00e1klad\u011b \u010dl. 6 odst. 1 p\u00edsm. b) GDPR (prov\u00e1d\u011bn\u00ed smlouvy o poskytov\u00e1n\u00ed slu\u017eeb elektronickou cestou v souladu s Obchodn\u00edmi podm\u00ednkami obchodu),<\/li>\n\n<li>pod\u00e1n\u00ed objedn\u00e1vky v obchod\u011b za \u00fa\u010delem proveden\u00ed Kupn\u00ed smlouvy na z\u00e1klad\u011b \u010dl. 6 odst. 1 p\u00edsm. b) GDPR (realizace kupn\u00ed smlouvy),<\/li>\n\n<li>vyu\u017eit\u00ed syst\u00e9mu hodnocen\u00ed za \u00fa\u010delem umo\u017en\u011bn\u00ed z\u00e1kazn\u00edkovi vyj\u00e1d\u0159it sv\u016fj n\u00e1zor na produkt zakoupen\u00fd v obchod\u011b a uzav\u0159enou s prodejcem Kupn\u00ed smlouvu na z\u00e1klad\u011b \u010dl. 6 odst. 1 p\u00edsm. f) GDPR (opr\u00e1vn\u011bn\u00fd z\u00e1jem podnikatele).<\/li><\/ul><p>DRUH ZPRACOV\u00c1VAN\u00ddCH OSOBN\u00cdCH \u00daDAJ\u016e. U\u017eivatel slu\u017eby poskytuje v p\u0159\u00edpad\u011b:<\/p><ul><li>\u00da\u010dtu: e-mailovou adresu,<\/li>\n\n<li>Objedn\u00e1vky: jm\u00e9no a p\u0159\u00edjmen\u00ed, adresu, NIP, e-mailovou adresu, telefonn\u00ed \u010d\u00edslo,<\/li>\n\n<li>Syst\u00e9mu hodnocen\u00ed: jm\u00e9no a p\u0159\u00edjmen\u00ed, e-mailovou adresu.<\/li><\/ul><p>DOBA UCHOV\u00c1V\u00c1N\u00cd OSOBN\u00cdCH \u00daDAJ\u016e. Osobn\u00ed \u00fadaje u\u017eivatel\u016f slu\u017eby jsou uchov\u00e1v\u00e1ny Administr\u00e1torem:<\/p><ul><li>pokud je z\u00e1kladem zpracov\u00e1n\u00ed \u00fadaj\u016f prov\u00e1d\u011bn\u00ed smlouvy, tak dlouho, jak je to nezbytn\u00e9 pro prov\u00e1d\u011bn\u00ed smlouvy, a pot\u00e9 po dobu odpov\u00eddaj\u00edc\u00ed dob\u011b proml\u010den\u00ed n\u00e1rok\u016f.<\/li>\n\n<li>Pokud zvl\u00e1\u0161tn\u00ed p\u0159edpis nestanov\u00ed jinak, doba proml\u010den\u00ed \u010din\u00ed \u0161est let, a pro n\u00e1roky na periodick\u00e9 v\u00fdkony a n\u00e1roky souvisej\u00edc\u00ed s podnikatelskou \u010dinnost\u00ed &#8211; t\u0159i roky,<\/li>\n\n<li>pokud je z\u00e1kladem zpracov\u00e1n\u00ed \u00fadaj\u016f souhlas, tak dlouho, dokud nen\u00ed souhlas odvol\u00e1n, a po odvol\u00e1n\u00ed souhlasu po dobu odpov\u00eddaj\u00edc\u00ed dob\u011b proml\u010den\u00ed n\u00e1rok\u016f, kter\u00e9 m\u016f\u017ee Administr\u00e1tor uplat\u0148ovat a kter\u00e9 mohou b\u00fdt v\u016f\u010di n\u011bmu uplat\u0148ov\u00e1ny.<\/li><\/ul><p>P\u0159i pou\u017e\u00edv\u00e1n\u00ed obchodu mohou b\u00fdt shroma\u017e\u010fov\u00e1ny dal\u0161\u00ed informace, zejm\u00e9na: IP adresa p\u0159i\u0159azen\u00e1 po\u010d\u00edta\u010di u\u017eivatele slu\u017eby nebo extern\u00ed IP adresa poskytovatele internetu, n\u00e1zev dom\u00e9ny, typ prohl\u00ed\u017ee\u010de, \u010das p\u0159\u00edstupu, typ opera\u010dn\u00edho syst\u00e9mu.<\/p><p>Po vyj\u00e1d\u0159en\u00ed samostatn\u00e9ho souhlasu na z\u00e1klad\u011b \u010dl. 6 odst. 1 p\u00edsm. a) GDPR mohou b\u00fdt \u00fadaje zpracov\u00e1v\u00e1ny tak\u00e9 za \u00fa\u010delem zas\u00edl\u00e1n\u00ed obchodn\u00edch informac\u00ed elektronickou cestou nebo prov\u00e1d\u011bn\u00ed telefonick\u00fdch hovor\u016f za \u00fa\u010delem p\u0159\u00edm\u00e9ho marketingu \u2013 v souladu s \u010dl. 10 odst. 2 Z\u00e1kona ze dne 18. \u010dervence 2002 o poskytov\u00e1n\u00ed slu\u017eeb elektronickou cestou nebo \u010dl. 172 odst. 1 Z\u00e1kona ze dne 16. \u010dervence 2004 \u2013 Telekomunika\u010dn\u00ed z\u00e1kon, v\u010detn\u011b t\u011bch, kter\u00e9 jsou prov\u00e1d\u011bny v d\u016fsledku profilov\u00e1n\u00ed, pokud u\u017eivatel slu\u017eby vyj\u00e1d\u0159il p\u0159\u00edslu\u0161n\u00fd souhlas.<\/p><p>Od u\u017eivatel\u016f slu\u017eby mohou b\u00fdt tak\u00e9 shroma\u017e\u010fov\u00e1na naviga\u010dn\u00ed data, v\u010detn\u011b informac\u00ed o odkazech a propojen\u00edch, na kter\u00e1 se rozhodnou kliknout, nebo o jin\u00fdch akc\u00edch prov\u00e1d\u011bn\u00fdch v obchod\u011b.<\/p><p>Pr\u00e1vn\u00edm z\u00e1kladem takov\u00e9ho druhu \u010dinnosti je opr\u00e1vn\u011bn\u00fd z\u00e1jem Administr\u00e1tora (\u010dl. 6 odst. 1 p\u00edsm. f GDPR) spo\u010d\u00edvaj\u00edc\u00ed ve zjednodu\u0161en\u00ed vyu\u017e\u00edv\u00e1n\u00ed slu\u017eeb poskytovan\u00fdch elektronickou cestou a ve zlep\u0161en\u00ed funk\u010dnosti t\u011bchto slu\u017eeb.<\/p><p>Poskytnut\u00ed osobn\u00edch \u00fadaj\u016f u\u017eivatelem slu\u017eby je dobrovoln\u00e9.<\/p><p>Administr\u00e1tor db\u00e1 na zvl\u00e1\u0161tn\u00ed p\u00e9\u010di o ochranu z\u00e1jm\u016f osob, kter\u00fdch se \u00fadaje t\u00fdkaj\u00ed, a zejm\u00e9na zaji\u0161\u0165uje, \u017ee shroma\u017e\u010fovan\u00e1 data jsou:<\/p><ul><li>zpracov\u00e1v\u00e1na v souladu se z\u00e1konem,<\/li>\n\n<li>shroma\u017e\u010fov\u00e1na pro vymezen\u00e9, pr\u00e1vn\u011b opr\u00e1vn\u011bn\u00e9 \u00fa\u010dely a nepodl\u00e9haj\u00ed dal\u0161\u00edmu zpracov\u00e1n\u00ed nekompatibiln\u00edmu s t\u011bmito \u00fa\u010dely,<\/li>\n\n<li>materi\u00e1ln\u011b spr\u00e1vn\u00e1 a adekv\u00e1tn\u00ed ve vztahu k \u00fa\u010del\u016fm, pro kter\u00e9 jsou zpracov\u00e1v\u00e1na, a uchov\u00e1v\u00e1na ve form\u011b umo\u017e\u0148uj\u00edc\u00ed identifikaci osob, kter\u00fdch se t\u00fdkaj\u00ed, ne d\u00e9le, ne\u017e je nezbytn\u00e9 pro dosa\u017een\u00ed \u00fa\u010delu zpracov\u00e1n\u00ed.<\/li>\n\n<li><\/li><\/ul><h3 class=\"wp-block-heading\"><strong><strong> \u00a7 3<\/strong> POSKYTOV\u00c1N\u00cd OSOBN\u00cdCH \u00daDAJ\u016e<\/strong><\/h3><p>Osobn\u00ed \u00fadaje u\u017eivatel\u016f slu\u017eby jsou p\u0159ed\u00e1v\u00e1ny poskytovatel\u016fm slu\u017eeb, kter\u00e9 vyu\u017e\u00edv\u00e1 administr\u00e1tor p\u0159i provozov\u00e1n\u00ed obchodu, zejm\u00e9na:<\/p><ul><li>subjekt\u016fm prov\u00e1d\u011bj\u00edc\u00edm dod\u00e1vku produkt\u016f,<\/li>\n\n<li>poskytovatel\u016fm platebn\u00edch syst\u00e9m\u016f,<\/li>\n\n<li>poskytovatel\u016fm syst\u00e9m\u016f pro pr\u016fzkumy n\u00e1zor\u016f,<\/li>\n\n<li>\u00fa\u010detn\u00ed kancel\u00e1\u0159i,<\/li>\n\n<li>poskytovatel\u016fm hostingu,<\/li>\n\n<li>dodavatel\u016fm softwaru umo\u017e\u0148uj\u00edc\u00edho provozov\u00e1n\u00ed \u010dinnosti,<\/li>\n\n<li>subjekt\u016fm zaji\u0161\u0165uj\u00edc\u00edm mailingov\u00fd syst\u00e9m,<\/li>\n\n<li>dodavatel\u016fm softwaru pot\u0159ebn\u00e9ho k provozov\u00e1n\u00ed internetov\u00e9ho obchodu.<\/li><\/ul><p>Poskytovatel\u00e9 slu\u017eeb (jako jsou uvedeni v bod\u011b 1 tohoto paragrafu), kter\u00fdm jsou osobn\u00ed \u00fadaje p\u0159ed\u00e1v\u00e1ny &#8211; v z\u00e1vislosti na smluvn\u00edch ujedn\u00e1n\u00edch a okolnostech &#8211; bu\u010f postupuj\u00ed podle pokyn\u016f administr\u00e1tora co do \u00fa\u010del\u016f a zp\u016fsob\u016f zpracov\u00e1n\u00ed t\u011bchto \u00fadaj\u016f (zpracovatel\u00e9) nebo samostatn\u011b ur\u010duj\u00ed \u00fa\u010dely a zp\u016fsoby jejich zpracov\u00e1n\u00ed (spr\u00e1vci).<\/p><p>Osobn\u00ed \u00fadaje u\u017eivatel\u016f slu\u017eby jsou uchov\u00e1v\u00e1ny v\u00fdhradn\u011b na \u00fazem\u00ed Evropsk\u00e9ho hospod\u00e1\u0159sk\u00e9ho prostoru (EHP) s v\u00fdhradou \u00a7 5 bod 5 a \u00a7 6 Z\u00e1sad ochrany osobn\u00edch \u00fadaj\u016f.<\/p><h3 class=\"wp-block-heading\"><br>\u00a7 4 PR\u00c1VO KONTROLY, P\u0158\u00cdSTUPU K VLASTN\u00cdM \u00daDAJ\u016eM A JEJICH \u00daPRAVY<\/h3><p>Osoba, na kterou se \u00fadaje vztahuj\u00ed, m\u00e1 pr\u00e1vo na p\u0159\u00edstup k obsahu sv\u00fdch osobn\u00edch \u00fadaj\u016f a pr\u00e1vo na jejich opravu, smaz\u00e1n\u00ed, omezen\u00ed zpracov\u00e1n\u00ed, pr\u00e1vo na p\u0159enositelnost \u00fadaj\u016f, pr\u00e1vo podat n\u00e1mitku, pr\u00e1vo kdykoli odvolat souhlas bez vlivu na z\u00e1konnost zpracov\u00e1n\u00ed, kter\u00e9 bylo provedeno na z\u00e1klad\u011b souhlasu p\u0159ed jeho odvol\u00e1n\u00edm. Pr\u00e1vn\u00ed z\u00e1klady \u017e\u00e1dost\u00ed Klienta: <\/p><ul><li>polo\u017eka seznamu p\u0159\u00edstup k \u00fadaj\u016fm \u2013 \u010dl.<\/li><\/ul><ul><li>polo\u017eka seznamu 15 GDPR, polo\u017eka seznamu oprava \u00fadaj\u016f \u2013 \u010dl.<\/li><\/ul><ul><li>polo\u017eka seznamu 16 GDPR, polo\u017eka seznamu smaz\u00e1n\u00ed \u00fadaj\u016f (tzv. pr\u00e1vo b\u00fdt zapomenut) \u2013 \u010dl.<\/li><\/ul><ul><li>polo\u017eka seznamu 17 GDPR, polo\u017eka seznamu omezen\u00ed zpracov\u00e1n\u00ed \u2013 \u010dl.<\/li><\/ul><ul><li>polo\u017eka seznamu 18 GDPR, polo\u017eka seznamu p\u0159enositelnost \u00fadaj\u016f \u2013 \u010dl.<\/li><\/ul><ul><li>polo\u017eka seznamu 20 GDPR, polo\u017eka seznamu n\u00e1mitka \u2013 \u010dl.<\/li><\/ul><ul><li>polo\u017eka seznamu 21 GDPR, polo\u017eka seznamu odvol\u00e1n\u00ed souhlasu \u2013 \u010dl.<\/li><\/ul><ul><li>polo\u017eka seznamu 7 odst. polo\u017eka seznamu 3 GDPR.<\/li><\/ul><p>Pro uplatn\u011bn\u00ed pr\u00e1v uveden\u00fdch v odstavci 2 m\u016f\u017eete zaslat p\u0159\u00edslu\u0161nou e-mailovou zpr\u00e1vu na adresu: <a>sklep@bwcompany.pl<\/a> V p\u0159\u00edpad\u011b, \u017ee v d\u016fsledku slo\u017eit\u00e9 povahy \u017e\u00e1dosti nebo po\u010dtu \u017e\u00e1dost\u00ed Administr\u00e1tor nebude moci \u017e\u00e1dosti vyhov\u011bt do jednoho m\u011bs\u00edce, vyhov\u00ed jim do dal\u0161\u00edch dvou m\u011bs\u00edc\u016f, p\u0159i\u010dem\u017e Klienta p\u0159edem informuje do jednoho m\u011bs\u00edce od obdr\u017een\u00ed \u017e\u00e1dosti o pl\u00e1novan\u00e9m prodlou\u017een\u00ed lh\u016fty a jej\u00edch d\u016fvodech.<br>Pokud zjist\u00edte, \u017ee zpracov\u00e1n\u00ed osobn\u00edch \u00fadaj\u016f poru\u0161uje GDPR, m\u00e1te pr\u00e1vo podat st\u00ed\u017enost u \u00da\u0159adu pro ochranu osobn\u00edch \u00fadaj\u016f. hlavi\u010dka<\/p><h3 class=\"wp-block-heading\">\u00a7 5 SOUBORY &#8222;COOKIES&#8220;<\/h3><ul><li>Polo\u017eka seznamu Webov\u00e1 str\u00e1nka Spr\u00e1vce pou\u017e\u00edv\u00e1 soubory \u201ecookies\u201c.<\/li>\n\n<li>polo\u017eka seznamu Instalace soubor\u016f \u201ecookies\u201c je nezbytn\u00e1 pro spr\u00e1vn\u00e9 poskytov\u00e1n\u00ed slu\u017eeb na webov\u00fdch str\u00e1nk\u00e1ch obchodu.<\/li>\n\n<li>polo\u017eka seznamu V souborech \u201ecookies\u201c jsou obsa\u017eeny informace nezbytn\u00e9 pro spr\u00e1vn\u00e9 fungov\u00e1n\u00ed str\u00e1nky a umo\u017e\u0148uj\u00ed tak\u00e9 vytv\u00e1\u0159en\u00ed obecn\u00fdch statistik n\u00e1v\u0161t\u011bvnosti webov\u00e9 str\u00e1nky.<\/li>\n\n<li>polo\u017eka seznamu Na str\u00e1nk\u00e1ch jsou pou\u017e\u00edv\u00e1ny dva typy soubor\u016f \u201ecookies\u201c: \u201esession\u201c a \u201epersistentn\u00ed\u201c.<\/li>\n\n<li>polo\u017eka seznamu \u201eSoubory cookies\u201c \u201esession\u201c jsou do\u010dasn\u00fdmi soubory, kter\u00e9 jsou ulo\u017eeny v koncov\u00e9m za\u0159\u00edzen\u00ed Klienta a\u017e do odhl\u00e1\u0161en\u00ed (opu\u0161t\u011bn\u00ed str\u00e1nky), polo\u017eka seznamu \u201ePersistentn\u00ed\u201c soubory \u201ecookies\u201c jsou ulo\u017eeny v koncov\u00e9m za\u0159\u00edzen\u00ed Klienta po dobu stanovenou parametry soubor\u016f \u201ecookies\u201c nebo do jejich smaz\u00e1n\u00ed Klientem.<\/li>\n\n<li>polo\u017eka seznamu Spr\u00e1vce vyu\u017e\u00edv\u00e1 vlastn\u00ed soubory cookies pro lep\u0161\u00ed pochopen\u00ed interakce Klient\u016f s obsahem str\u00e1nky.<\/li>\n\n<li>polo\u017eka seznamu Soubory shroma\u017e\u010fuj\u00ed informace o zp\u016fsobu pou\u017e\u00edv\u00e1n\u00ed webov\u00e9 str\u00e1nky Klientem, typu str\u00e1nky, odkud byl Klient p\u0159esm\u011brov\u00e1n, a po\u010dtu n\u00e1v\u0161t\u011bv a d\u00e9lce \u010dasu str\u00e1ven\u00e9ho Klientem na webov\u00e9 str\u00e1nce.<\/li>\n\n<li>polo\u017eka seznamu Tyto informace nezaznamen\u00e1vaj\u00ed konkr\u00e9tn\u00ed osobn\u00ed \u00fadaje Klienta, ale slou\u017e\u00ed k vytv\u00e1\u0159en\u00ed statistik pou\u017e\u00edv\u00e1n\u00ed str\u00e1nky.<\/li>\n\n<li>polo\u017eka seznamu Spr\u00e1vce tak\u00e9 vyu\u017e\u00edv\u00e1 extern\u00ed soubory cookies ke sb\u011bru obecn\u00fdch a anonymn\u00edch statistick\u00fdch \u00fadaj\u016f prost\u0159ednictv\u00edm analytick\u00fdch n\u00e1stroj\u016f Google Analytics (spr\u00e1vce extern\u00edch soubor\u016f cookies: Google LLC. se s\u00eddlem v USA).<\/li>\n\n<li>polo\u017eka seznamu Soubory cookies mohou b\u00fdt tak\u00e9 vyu\u017e\u00edv\u00e1ny reklamn\u00edmi s\u00edt\u011bmi (zejm\u00e9na s\u00edt\u00ed Google) k zobrazov\u00e1n\u00ed reklam p\u0159izp\u016fsoben\u00fdch zp\u016fsobu, jak\u00fdm Klient pou\u017e\u00edv\u00e1 obchod. polo\u017eka seznamu K tomu mohou uchov\u00e1vat informace o naviga\u010dn\u00edm pr\u016fchodu Klienta nebo d\u00e9lce pobytu na konkr\u00e9tn\u00ed str\u00e1nce.<\/li>\n\n<li>Klient m\u00e1 pr\u00e1vo rozhodnout o p\u0159\u00edstupu soubor\u016f \u201ecookies\u201c na sv\u016fj po\u010d\u00edta\u010d: polo\u017eka seznamu vyb\u00edrat typy soubor\u016f cookies, na kter\u00e9 d\u00e1v\u00e1 souhlas s shroma\u017e\u010fov\u00e1n\u00edm, hned po p\u0159ipojen\u00ed na str\u00e1nku obchodu a zobrazen\u00ed zpr\u00e1vy o souborech cookies, polo\u017eka seznamu zm\u011bnit nastaven\u00ed ve sv\u00e9m prohl\u00ed\u017ee\u010di. polo\u017eka seznamu Podrobn\u00e9 informace o mo\u017enostech a zp\u016fsobech manipulace se soubory \u201ecookies\u201c jsou tak\u00e9 k dispozici v nastaven\u00ed softwaru (internetov\u00e9ho prohl\u00ed\u017ee\u010de). <\/li><\/ul><h3 class=\"wp-block-heading\">\u00a7 6 DODATE\u010cN\u00c9 SLU\u017dBY VZTAHUJ\u00cdC\u00cd SE K AKTIVIT\u011a U\u017dIVATELE V OBCHOD\u011a<\/h3><ul><li>polo\u017eka seznamu V obchod\u011b jsou vyu\u017e\u00edv\u00e1ny tzv. polo\u017eka seznamu soci\u00e1ln\u00ed z\u00e1suvn\u00e9 moduly (\u201ez\u00e1suvn\u00e9 moduly\u201c) soci\u00e1ln\u00edch s\u00edt\u00ed.<\/li>\n\n<li>polo\u017eka seznamu P\u0159i zobrazen\u00ed webov\u00e9 str\u00e1nky <a href=\"http:\/\/www.bwcompanyshop.com\/\">www.bwcompanyshop.com<\/a> obsahuj\u00edc\u00ed takov\u00fd z\u00e1suvn\u00fd modul prohl\u00ed\u017ee\u010d Klienta nav\u00e1\u017ee p\u0159\u00edm\u00e9 spojen\u00ed se servery Facebooku, Instagramu, Twitteru a YouTube.<\/li>\n\n<li>polo\u017eka seznamu Obsah z\u00e1suvn\u00e9ho modulu je p\u0159en\u00e1\u0161en p\u0159\u00edmo od dan\u00e9ho poskytovatele slu\u017eby do prohl\u00ed\u017ee\u010de Klienta a integrov\u00e1n se str\u00e1nkou.<\/li>\n\n<li>polo\u017eka seznamu D\u00edky t\u00e9to integraci poskytovatel\u00e9 slu\u017eeb z\u00edsk\u00e1vaj\u00ed informaci, \u017ee prohl\u00ed\u017ee\u010d Klienta zobrazil webovou str\u00e1nku <a href=\"http:\/\/www.bwcompanyshop.com\/\">www.bwcompanyshop.com<\/a>, i kdy\u017e Klient nem\u00e1 profil u dan\u00e9ho poskytovatele slu\u017eeb, nebo nen\u00ed u n\u011bj aktu\u00e1ln\u011b p\u0159ihl\u00e1\u0161en.<\/li>\n\n<li>polo\u017eka seznamu Takov\u00e1 informace (spolu s IP adresou Klienta) je p\u0159en\u00e1\u0161ena prohl\u00ed\u017ee\u010dem p\u0159\u00edmo na server dan\u00e9ho poskytovatele slu\u017eeb (n\u011bkter\u00e9 servery jsou um\u00edst\u011bny v USA) a tam ulo\u017eena.<\/li>\n\n<li>polo\u017eka seznamu Pokud se Klient p\u0159ihl\u00e1s\u00ed do jednoho z v\u00fd\u0161e uveden\u00fdch soci\u00e1ln\u00edch s\u00edt\u00ed, poskytovatel t\u00e9to slu\u017eby bude moci p\u0159\u00edmo p\u0159i\u0159adit n\u00e1v\u0161t\u011bvu webov\u00e9 str\u00e1nky <a href=\"http:\/\/www.bwcompanyshop.com\/\">www.bwcompanyshop.com<\/a> k profilu Klienta v dan\u00e9 soci\u00e1ln\u00ed s\u00edti.<\/li>\n\n<li>polo\u017eka seznamu Pokud Klient pou\u017eije dan\u00fd z\u00e1suvn\u00fd modul nap\u0159. kliknut\u00edm na tla\u010d\u00edtko \u201eTo se mi l\u00edb\u00ed\u201c nebo tla\u010d\u00edtko \u201eSd\u00edlet\u201c, p\u0159\u00edslu\u0161n\u00e1 informace bude rovn\u011b\u017e p\u0159enesena p\u0159\u00edmo na server dan\u00e9ho poskytovatele slu\u017eeb a tam ulo\u017eena.<\/li><\/ul><ul><li>\u00da\u010del a rozsah sb\u011bru dat a jejich dal\u0161\u00edho zpracov\u00e1n\u00ed a vyu\u017eit\u00ed poskytovateli slu\u017eeb, jako\u017e i mo\u017enost kontaktu a pr\u00e1va Klienta v tomto rozsahu a mo\u017enost nastaven\u00ed pro ochranu soukrom\u00ed Klienta jsou pops\u00e1ny v z\u00e1sad\u00e1ch ochrany soukrom\u00ed poskytovatel\u016f slu\u017eeb:<\/li>\n\n<li>polo\u017eka seznamu Pokud Klient nechce, aby soci\u00e1ln\u00ed s\u00edt\u011b p\u0159i\u0159azovaly data shrom\u00e1\u017ed\u011bn\u00e1 b\u011bhem n\u00e1v\u0161t\u011bvy webov\u00e9 str\u00e1nky <a href=\"http:\/\/www.bwcompanyshop.com\/\">www.bwcompanyshop.com<\/a> p\u0159\u00edmo jeho profilu v dan\u00e9 s\u00edti, mus\u00ed se p\u0159ed n\u00e1v\u0161t\u011bvou webov\u00e9 str\u00e1nky <a href=\"http:\/\/www.bwcompanyshop.com\/\">www.bwcompanyshop.com<\/a> odhl\u00e1sit z t\u00e9to slu\u017eby. polo\u017eka seznamu Klient m\u016f\u017ee tak\u00e9 zcela zabr\u00e1nit na\u010dten\u00ed z\u00e1suvn\u00fdch modul\u016f na str\u00e1nce pomoc\u00ed p\u0159\u00edslu\u0161n\u00fdch dopl\u0148k\u016f pro prohl\u00ed\u017ee\u010d, nap\u0159. blokov\u00e1n\u00ed skript\u016f pomoc\u00ed \u201eNoScript\u201c.<\/li>\n\n<li>polo\u017eka seznamu Spr\u00e1vce na sv\u00fdch str\u00e1nk\u00e1ch vyu\u017e\u00edv\u00e1 n\u00e1stroje pro remarketing, tj. polo\u017eka seznamu Google Ads. polo\u017eka seznamu Jejich pou\u017eit\u00ed souvis\u00ed s vyu\u017e\u00edv\u00e1n\u00edm soubor\u016f cookies spole\u010dnosti Google LLC. polo\u017eka seznamu t\u00fdkaj\u00edc\u00ed se slu\u017eby Google Ads.<\/li>\n\n<li>polo\u017eka seznamu V r\u00e1mci mechanismu pro spr\u00e1vu nastaven\u00ed soubor\u016f cookies m\u00e1 Klient mo\u017enost rozhodnout, zda bude Poskytovatel moci vyu\u017e\u00edvat Google Ads (spr\u00e1vce extern\u00edch soubor\u016f cookies: Google LLC. se s\u00eddlem v USA) ve vztahu k n\u011bmu. <\/li><\/ul><h3 class=\"wp-block-heading\">\u00a7 7 Z\u00c1V\u011aRE\u010cN\u00c1 USTANOVEN\u00cd<\/h3><ul><li>polo\u017eka seznamu Spr\u00e1vce pou\u017e\u00edv\u00e1 technick\u00e1 a organiza\u010dn\u00ed opat\u0159en\u00ed zaji\u0161\u0165uj\u00edc\u00ed ochranu zpracov\u00e1van\u00fdch osobn\u00edch \u00fadaj\u016f odpov\u00eddaj\u00edc\u00ed hrozb\u00e1m a kategori\u00edm \u00fadaj\u016f chr\u00e1n\u011bn\u00fdch, zejm\u00e9na zabezpe\u010duje \u00fadaje proti jejich neopr\u00e1vn\u011bn\u00e9mu zp\u0159\u00edstupn\u011bn\u00ed, odcizen\u00ed neopr\u00e1vn\u011bnou osobou, zpracov\u00e1n\u00ed v rozporu s platn\u00fdmi p\u0159edpisy, a tak\u00e9 proti jejich zm\u011bn\u011b, ztr\u00e1t\u011b, po\u0161kozen\u00ed nebo zni\u010den\u00ed.<\/li>\n\n<li>polo\u017eka seznamu Spr\u00e1vce poskytuje odpov\u00eddaj\u00edc\u00ed technick\u00e1 opat\u0159en\u00ed br\u00e1n\u00edc\u00ed z\u00edsk\u00e1v\u00e1n\u00ed a modifikaci osobn\u00edch \u00fadaj\u016f p\u0159en\u00e1\u0161en\u00fdch elektronickou cestou osobami neopr\u00e1vn\u011bn\u00fdmi.<\/li>\n\n<li>polo\u017eka seznamu Ve v\u011bcech, kter\u00e9 nejsou t\u00edmto Z\u00e1sadami ochrany osobn\u00edch \u00fadaj\u016f upraveny, se vztahuj\u00ed p\u0159\u00edslu\u0161n\u00e9 ustanoven\u00ed GDPR a dal\u0161\u00ed p\u0159\u00edslu\u0161n\u00e9 pr\u00e1vn\u00ed p\u0159edpisy polsk\u00e9ho pr\u00e1va.<\/li><\/ul>","protected":false},"excerpt":{"rendered":"<p>WWW.BWCOMPANYSHOP.COM \u00a7 1 OBECN\u00c9 USTANOVEN\u00cd Administr\u00e1torem osobn\u00edch \u00fadaj\u016f shrom\u00e1\u017ed\u011bn\u00fdch prost\u0159ednictv\u00edm internetov\u00e9ho obchodu www.bwcompanyshop.com je spole\u010dnost B&amp;W SPOLE\u010cNOST S RU\u010cEN\u00cdM OMEZEN\u00ddM zapsan\u00e1 do rejst\u0159\u00edku podnikatel\u016f soudem S\u0104D REJONOWY DLA KRAKOWA \u015aR\u00d3DMIE\u015aCIA W KRAKOWIE, XII HOSPOD\u00c1\u0158SK\u00dd ODD\u00cdL N\u00c1RODN\u00cdHO SOUDN\u00cdHO REJST\u0158\u00cdKU pod \u010d\u00edslem KRS: 0000772290. Z\u00e1kladn\u00ed kapit\u00e1l: 280 000,00 Z\u0141. M\u00edsto podnik\u00e1n\u00ed a adresa pro doru\u010dov\u00e1n\u00ed: ul. S\u0142owackiego&hellip;&nbsp;<a href=\"https:\/\/www.bwcompanyshop.com\/cs\/zasady-ochrany-osobnich-udaju-internetoveho-obchodu\/\" rel=\"bookmark\">\u010c\u00edst d\u00e1le &raquo;<span class=\"screen-reader-text\">Z\u00e1sady ochrany osobn\u00edch \u00fadaj\u016f internetov\u00e9ho obchodu<\/span><\/a><\/p>\n","protected":false},"author":2,"featured_media":0,"parent":0,"menu_order":0,"comment_status":"closed","ping_status":"closed","template":"","meta":{"neve_meta_sidebar":"","neve_meta_container":"","neve_meta_enable_content_width":"","neve_meta_content_width":0,"neve_meta_title_alignment":"","neve_meta_author_avatar":"","neve_post_elements_order":"","neve_meta_disable_header":"","neve_meta_disable_footer":"","neve_meta_disable_title":"","_themeisle_gutenberg_block_has_review":false,"footnotes":""},"jetpack_sharing_enabled":true,"_links":{"self":[{"href":"https:\/\/www.bwcompanyshop.com\/cs\/wp-json\/wp\/v2\/pages\/954"}],"collection":[{"href":"https:\/\/www.bwcompanyshop.com\/cs\/wp-json\/wp\/v2\/pages"}],"about":[{"href":"https:\/\/www.bwcompanyshop.com\/cs\/wp-json\/wp\/v2\/types\/page"}],"author":[{"embeddable":true,"href":"https:\/\/www.bwcompanyshop.com\/cs\/wp-json\/wp\/v2\/users\/2"}],"replies":[{"embeddable":true,"href":"https:\/\/www.bwcompanyshop.com\/cs\/wp-json\/wp\/v2\/comments?post=954"}],"version-history":[{"count":1,"href":"https:\/\/www.bwcompanyshop.com\/cs\/wp-json\/wp\/v2\/pages\/954\/revisions"}],"predecessor-version":[{"id":955,"href":"https:\/\/www.bwcompanyshop.com\/cs\/wp-json\/wp\/v2\/pages\/954\/revisions\/955"}],"wp:attachment":[{"href":"https:\/\/www.bwcompanyshop.com\/cs\/wp-json\/wp\/v2\/media?parent=954"}],"curies":[{"name":"wp","href":"https:\/\/api.w.org\/{rel}","templated":true}]}}