{"id":1146,"date":"2024-07-04T08:07:06","date_gmt":"2024-07-04T08:07:06","guid":{"rendered":"https:\/\/www.bwcompanyshop.com\/produkt\/drevene-piskoviste-250-kg-skandinavsky-dum\/"},"modified":"2024-07-15T09:12:11","modified_gmt":"2024-07-15T09:12:11","slug":"drevene-piskoviste-250-kg-skandinavsky-dum","status":"publish","type":"product","link":"https:\/\/www.bwcompanyshop.com\/cs\/produkt\/drevene-piskoviste-250-kg-skandinavsky-dum\/","title":{"rendered":"D\u0159ev\u011bn\u00e9 uzav\u0159en\u00e9 p\u00edskovi\u0161t\u011b s lavi\u010dkami 120x120cm"},"content":{"rendered":"<p><strong>Uzamykateln\u00e9 d\u0159ev\u011bn\u00e9 p\u00edskovi\u0161t\u011b s lavi\u010dkami 120&#215;120 cm &#8211; rychl\u00e1 mont\u00e1\u017e, prvot\u0159\u00eddn\u00ed kvalita<\/strong><\/p>\n<p>Dop\u0159ejte sv\u00e9mu d\u00edt\u011bti dobrodru\u017estv\u00ed pln\u00e9 z\u00e1bavy a mo\u017enost\u00ed s na\u0161\u00edm nov\u00fdm uzamykateln\u00fdm p\u00edskovi\u0161t\u011bm s lavi\u010dkami. Jedn\u00e1 se o prvn\u00ed p\u00edskovi\u0161t\u011b na trhu, kter\u00e9 se velmi snadno a rychle sestavuje. Ka\u017ed\u00fd detail byl propracov\u00e1n tak, aby byla zaji\u0161t\u011bna bezpe\u010dnost a po\u017eitek z j\u00edzdy.<\/p>\n<p>P\u00edskovi\u0161t\u011b je vyrobeno z prvot\u0159\u00eddn\u00edho smrkov\u00e9ho d\u0159eva nejvy\u0161\u0161\u00ed kvality, certifikovan\u00e9ho podle <strong>ISPM-15<\/strong>. Prvky p\u00edskovi\u0161t\u011b jsou hoblovan\u00e9 a fr\u00e9zovan\u00e9, tak\u017ee jsou p\u0159\u00edjemn\u00e9 na dotek a bezpe\u010dn\u00e9 pro d\u011bti.<\/p>\n<h3>Funkce sandboxu:<\/h3>\n<ul>\n<li><strong>Pr\u00e9miov\u00fd materi\u00e1l:<\/strong> Vyrobeno z hoblovan\u00fdch desek o tlou\u0161\u0165ce 18-20 mm, kter\u00e9 jsou robustn\u00ed a bezpe\u010dn\u00e9.<\/li>\n<li><strong>Pohodl\u00ed:<\/strong> Vybaveno dv\u011bma skl\u00e1dac\u00edmi lavicemi s op\u011bradly, kter\u00e9 poskytuj\u00ed pohodln\u00e9 sezen\u00ed pro d\u011bti.<\/li>\n<li><strong>Bezpe\u010dnost:<\/strong> V\u0161echny materi\u00e1ly neobsahuj\u00ed \u0161kodliv\u00e9 l\u00e1tky a desky maj\u00ed zaoblen\u00e9 hrany.<\/li>\n<li><strong>Rychl\u00e1 mont\u00e1\u017e<\/strong>: D\u00edky men\u0161\u00edmu po\u010dtu desek je mont\u00e1\u017e rychl\u00e1 a snadn\u00e1. Ve\u0161ker\u00fd pot\u0159ebn\u00fd materi\u00e1l je sou\u010d\u00e1st\u00ed balen\u00ed, pot\u0159ebujete pouze \u0161roubov\u00e1k a vrta\u010dku.<\/li>\n<li><strong>Snadno se udr\u017euje v \u010distot\u011b:<\/strong> Skl\u00e1dac\u00ed lavi\u010dky uzav\u00edraj\u00ed p\u00edskovi\u0161t\u011b a chr\u00e1n\u00ed p\u00edsek p\u0159ed ne\u010distotami, jako je list\u00ed nebo zv\u00ed\u0159ata.<\/li>\n<li><strong>P\u0159izp\u016fsoben\u00ed:<\/strong> Neo\u0161et\u0159en\u00e9 desky umo\u017e\u0148uj\u00ed individu\u00e1ln\u00ed povrchovou \u00fapravu podle osobn\u00edch preferenc\u00ed.<\/li>\n<\/ul>\n<h3>\u010c\u00edm na\u0161e p\u00edskovi\u0161t\u011b vynik\u00e1?<\/h3>\n<ul>\n<li><strong>Redukce prvk\u016f:<\/strong> Po\u010det prken byl sn\u00ed\u017een na polovinu, co\u017e usnad\u0148uje a urychluje mont\u00e1\u017e.<\/li>\n<li><strong>Snadn\u00e1 mont\u00e1\u017e:<\/strong> Snadn\u00e1 mont\u00e1\u017e: V\u0161echny pot\u0159ebn\u00e9 sou\u010d\u00e1sti jsou sou\u010d\u00e1st\u00ed dod\u00e1vky a mont\u00e1\u017e je d\u00edky jasn\u00e9mu n\u00e1vodu snadn\u00e1.<\/li>\n<li><strong>Kvalita materi\u00e1l\u016f<\/strong>: Desky jsou hoblovan\u00e9, brou\u0161en\u00e9 a jejich hrany jsou zaoblen\u00e9. \u0160rouby a z\u00e1v\u011bsy jsou sou\u010d\u00e1st\u00ed dod\u00e1vky.<\/li>\n<li><strong>Polsk\u00e1 v\u00fdroba<\/strong>: vyrobeno v Polsku s d\u016frazem na nejmen\u0161\u00ed detaily.<\/li>\n<\/ul>\n<h3>Specifikace:<\/h3>\n<ul>\n<li><strong>Rozm\u011bry<\/strong>: 120 cm x 120 cm x 20 cm (ve slo\u017een\u00e9m stavu)<\/li>\n<li><strong>K\u00f3d v\u00fdrobce:<\/strong> 8858<\/li>\n<li><strong>EAN (GTIN):<\/strong> 5905261422040<\/li>\n<\/ul>\n<h3>Sada obsahuje:<\/h3>\n<ul>\n<li>Skl\u00e1dac\u00ed p\u00edskovi\u0161t\u011b s lavi\u010dkami<\/li>\n<li>V\u0161echny sou\u010d\u00e1sti pot\u0159ebn\u00e9 k mont\u00e1\u017ei<\/li>\n<\/ul>\n<h3>Doporu\u010den\u00ed:<\/h3>\n<ul>\n<li>P\u0159ed pou\u017eit\u00edm se doporu\u010duje desky naimpregnovat, aby se prodlou\u017eila \u017eivotnost v\u00fdrobku.<\/li>\n<\/ul>\n<p>Objevte bezpe\u010dn\u00fd prostor na hran\u00ed s na\u0161\u00edm inovativn\u00edm uzamykateln\u00fdm p\u00edskovi\u0161t\u011bm!<\/p>\n","protected":false},"excerpt":{"rendered":"<p><strong>D\u0159ev\u011bn\u00e9 uzav\u0159en\u00e9 p\u00edskovi\u0161t\u011b s lavi\u010dkami 120&#215;120 cm &#8211; rychl\u00e1 mont\u00e1\u017e, vysok\u00e1 kvalita<\/strong><\/p>\n<p>Dop\u0159ejte sv\u00e9mu d\u00edt\u011bti nezapomenuteln\u00e9 chv\u00edle s d\u0159ev\u011bn\u00fdm p\u00edskovi\u0161t\u011bm o rozm\u011brech 120&#215;120 cm. Je vyroben z prvot\u0159\u00eddn\u00edho smrkov\u00e9ho d\u0159eva a m\u00e1 certifik\u00e1t ISPM-15. Dv\u011b skl\u00e1dac\u00ed lavice s op\u011bradly poskytuj\u00ed pohodl\u00ed a uzamykateln\u00e1 konstrukce zabra\u0148uje vniknut\u00ed p\u00edsku. Jednoduch\u00e1 a rychl\u00e1 instalace d\u00edky minim\u00e1ln\u00edmu po\u010dtu komponent\u016f. Ide\u00e1ln\u00ed pro d\u011bti, bezpe\u010dn\u00e9 a vhodn\u00e9 pro alergiky.<\/p>\n","protected":false},"featured_media":1220,"comment_status":"open","ping_status":"closed","template":"","meta":{"neve_meta_sidebar":"","neve_meta_container":"","neve_meta_enable_content_width":"off","neve_meta_content_width":100,"neve_meta_title_alignment":"","neve_meta_author_avatar":"","neve_post_elements_order":"","neve_meta_disable_header":"","neve_meta_disable_footer":"","neve_meta_disable_title":"","_themeisle_gutenberg_block_has_review":false},"product_cat":[67],"product_tag":[],"jetpack_sharing_enabled":true,"_links":{"self":[{"href":"https:\/\/www.bwcompanyshop.com\/cs\/wp-json\/wp\/v2\/product\/1146"}],"collection":[{"href":"https:\/\/www.bwcompanyshop.com\/cs\/wp-json\/wp\/v2\/product"}],"about":[{"href":"https:\/\/www.bwcompanyshop.com\/cs\/wp-json\/wp\/v2\/types\/product"}],"replies":[{"embeddable":true,"href":"https:\/\/www.bwcompanyshop.com\/cs\/wp-json\/wp\/v2\/comments?post=1146"}],"wp:featuredmedia":[{"embeddable":true,"href":"https:\/\/www.bwcompanyshop.com\/cs\/wp-json\/wp\/v2\/media\/1220"}],"wp:attachment":[{"href":"https:\/\/www.bwcompanyshop.com\/cs\/wp-json\/wp\/v2\/media?parent=1146"}],"wp:term":[{"taxonomy":"product_cat","embeddable":true,"href":"https:\/\/www.bwcompanyshop.com\/cs\/wp-json\/wp\/v2\/product_cat?post=1146"},{"taxonomy":"product_tag","embeddable":true,"href":"https:\/\/www.bwcompanyshop.com\/cs\/wp-json\/wp\/v2\/product_tag?post=1146"}],"curies":[{"name":"wp","href":"https:\/\/api.w.org\/{rel}","templated":true}]}}