{"id":825,"date":"2024-03-15T11:07:15","date_gmt":"2024-03-15T11:07:15","guid":{"rendered":"https:\/\/www.bwcompanyshop.com\/produkt\/drevena-zeleninova-zahradka-800-x-600-mm\/"},"modified":"2024-11-03T06:28:19","modified_gmt":"2024-11-03T06:28:19","slug":"drevena-zeleninova-zahradka-800-x-600-mm","status":"publish","type":"product","link":"https:\/\/www.bwcompanyshop.com\/cs\/produkt\/drevena-zeleninova-zahradka-800-x-600-mm\/","title":{"rendered":"D\u0159ev\u011bn\u00e1 zeleninov\u00e1 zahr\u00e1dka 800 x 600 mm &#8211; sada 3 n\u00e1stavk\u016f roz\u0161\u00ed\u0159en\u00ed"},"content":{"rendered":"<p>Objevte neomezen\u00e9 mo\u017enosti sv\u00e9 zahrady s <strong>d\u0159ev\u011bnou zeleninovou zahr\u00e1dkou<\/strong> B&amp;W. V dne\u0161n\u00edm sv\u011bt\u011b, kde se prostor st\u00e1v\u00e1 st\u00e1le cenn\u011bj\u0161\u00edm zdrojem, p\u0159in\u00e1\u0161ej\u00ed paletov\u00e9 n\u00e1stavce nab\u00edzen\u00e9 na\u0161\u00ed spole\u010dnost\u00ed revoluci v p\u011bstov\u00e1n\u00ed zeleniny a bylinek. A\u0165 u\u017e m\u00e1te rozlehlou zahradu nebo malou terasu, na\u0161e v\u00fdrobky poskytuj\u00ed pohodl\u00ed, estetiku a ergonomick\u00e1 \u0159e\u0161en\u00ed, kter\u00e1 prom\u011bn\u00ed ka\u017ed\u00fd prostor ve sv\u011b\u017e\u00ed zeleninovou zahradu nebo vo\u0148avou bylinkovou zahr\u00e1dku.<\/p>\n<p>Na\u0161e <strong>d\u0159ev\u011bn\u00e9 bedny 800&#215;600<\/strong> jsou vyrobeny z nejkvalitn\u011bj\u0161\u00edho o\u0161et\u0159en\u00e9ho d\u0159eva a jsou navr\u017eeny tak, aby odol\u00e1valy nep\u0159\u00edzniv\u00fdm pov\u011btrnostn\u00edm podm\u00ednk\u00e1m a zaru\u010dovaly dlouhou \u017eivotnost a odolnost po mnoho let. Jejich jedine\u010dn\u00e1 konstrukce nejen usnad\u0148uje kontrolu \u00farody, ale tak\u00e9 chr\u00e1n\u00ed rostliny p\u0159ed \u0161k\u016fdci a chorobami a poskytuje jim ide\u00e1ln\u00ed podm\u00ednky pro r\u016fst.<\/p>\n<p>Se spole\u010dnost\u00ed B&amp;W Company nebylo p\u011bstov\u00e1n\u00ed vlastn\u00ed zeleniny a bylinek nikdy jednodu\u0161\u0161\u00ed. Na\u0161e <strong>truhl\u00edky na zeleninu<\/strong> umo\u017e\u0148uj\u00ed snadn\u00e9 p\u0159em\u00edst\u011bn\u00ed na zahrad\u011b, aby se co nejl\u00e9pe vyu\u017eilo dostupn\u00e9 slune\u010dn\u00ed sv\u011btlo a prostor. D\u00edky ergonomick\u00e9mu designu v\u00fdrobk\u016f se nav\u00edc p\u00e9\u010de o rostliny st\u00e1v\u00e1 sp\u00ed\u0161e pot\u011b\u0161en\u00edm ne\u017e povinnost\u00ed, proto\u017ee minimalizuje nutnost oh\u00fdbat se a nam\u00e1hat z\u00e1da.<\/p>\n<h2>N\u00e1vod na sestaven\u00ed krabice:<\/h2>\n<p>Sta\u010d\u00ed jen se\u0159\u00eddit panty, vlo\u017eit uzamykac\u00ed za\u0159\u00edzen\u00ed a je hotovo. N\u00e1stavce m\u016f\u017eete skl\u00e1dat na sebe &#8211; zabere to jen p\u00e1r okam\u017eik\u016f! Pro z\u00e1kazn\u00edky, kte\u0159\u00ed maj\u00ed r\u00e1di kutilstv\u00ed, je to skv\u011bl\u00e1 z\u00e1bava. Dal\u0161\u00ed zaj\u00edmavou mo\u017enost\u00ed je, \u017ee desky lze snadno nat\u0159\u00edt barvou podle vlastn\u00edho v\u00fdb\u011bru. Zejm\u00e9na ve skandin\u00e1vsk\u00fdch zahrad\u00e1ch najdeme pestrobarevn\u00e9 z\u00e1hony, kter\u00e9 vypadaj\u00ed jednodu\u0161e malebn\u011b a jejich majitel\u00e9 se jimi chlub\u00ed na soci\u00e1ln\u00edch s\u00edt\u00edch.<\/p>\n<p><img data-recalc-dims=\"1\" loading=\"lazy\" decoding=\"async\" class=\"wp-image-785 size-full aligncenter\" src=\"https:\/\/i0.wp.com\/www.bwcompanyshop.com\/wp-content\/uploads\/2024\/03\/instrukcja-montazu.jpg?resize=744%2C600&#038;ssl=1\" alt=\"\" width=\"744\" height=\"600\" srcset=\"https:\/\/i0.wp.com\/www.bwcompanyshop.com\/wp-content\/uploads\/2024\/03\/instrukcja-montazu.jpg?w=744&amp;ssl=1 744w, https:\/\/i0.wp.com\/www.bwcompanyshop.com\/wp-content\/uploads\/2024\/03\/instrukcja-montazu.jpg?resize=300%2C242&amp;ssl=1 300w, https:\/\/i0.wp.com\/www.bwcompanyshop.com\/wp-content\/uploads\/2024\/03\/instrukcja-montazu.jpg?resize=600%2C484&amp;ssl=1 600w\" sizes=\"(max-width: 744px) 100vw, 744px\" \/><\/p>\n","protected":false},"excerpt":{"rendered":"<p>D\u0159ev\u011bn\u00e1 zeleninov\u00e1 zahr\u00e1dka 800 x 600, d\u0159ev\u011bn\u00fd box na zahradu.<\/p>\n<p>Sada obsahuje 3 \u00farovn\u011b zeleninov\u00e9 zahrady:<\/p>\n<ul>\n<li>6 del\u0161\u00edch desek 800 mm<\/li>\n<li>6 krat\u0161\u00edch desek 600 mm<\/li>\n<li>12 \u010dep\u016f z\u00e1v\u011bs\u016f<\/li>\n<\/ul>\n","protected":false},"featured_media":792,"comment_status":"open","ping_status":"closed","template":"","meta":{"neve_meta_sidebar":"","neve_meta_container":"","neve_meta_enable_content_width":"off","neve_meta_content_width":100,"neve_meta_title_alignment":"","neve_meta_author_avatar":"","neve_post_elements_order":"","neve_meta_disable_header":"","neve_meta_disable_footer":"","neve_meta_disable_title":"","_themeisle_gutenberg_block_has_review":false},"product_cat":[51],"product_tag":[],"jetpack_sharing_enabled":true,"_links":{"self":[{"href":"https:\/\/www.bwcompanyshop.com\/cs\/wp-json\/wp\/v2\/product\/825"}],"collection":[{"href":"https:\/\/www.bwcompanyshop.com\/cs\/wp-json\/wp\/v2\/product"}],"about":[{"href":"https:\/\/www.bwcompanyshop.com\/cs\/wp-json\/wp\/v2\/types\/product"}],"replies":[{"embeddable":true,"href":"https:\/\/www.bwcompanyshop.com\/cs\/wp-json\/wp\/v2\/comments?post=825"}],"wp:featuredmedia":[{"embeddable":true,"href":"https:\/\/www.bwcompanyshop.com\/cs\/wp-json\/wp\/v2\/media\/792"}],"wp:attachment":[{"href":"https:\/\/www.bwcompanyshop.com\/cs\/wp-json\/wp\/v2\/media?parent=825"}],"wp:term":[{"taxonomy":"product_cat","embeddable":true,"href":"https:\/\/www.bwcompanyshop.com\/cs\/wp-json\/wp\/v2\/product_cat?post=825"},{"taxonomy":"product_tag","embeddable":true,"href":"https:\/\/www.bwcompanyshop.com\/cs\/wp-json\/wp\/v2\/product_tag?post=825"}],"curies":[{"name":"wp","href":"https:\/\/api.w.org\/{rel}","templated":true}]}}