{"id":1276,"date":"2024-05-17T07:43:03","date_gmt":"2024-05-17T07:43:03","guid":{"rendered":"https:\/\/www.bwcompanyshop.com\/lieferung-und-bezahlung\/"},"modified":"2024-08-28T09:02:46","modified_gmt":"2024-08-28T09:02:46","slug":"lieferung-und-bezahlung","status":"publish","type":"page","link":"https:\/\/www.bwcompanyshop.com\/de\/lieferung-und-bezahlung\/","title":{"rendered":"Lieferung und Bezahlung"},"content":{"rendered":"<p class=\"has-text-align-center\"><a href=\"http:\/\/WWW.BWCOMPANYSHOP.COM\" data-type=\"link\" data-id=\"WWW.BWCOMPANYSHOP.COM\"><strong>WWW.BWCOMPANYSHOP.COM<\/strong><\/a><\/p><h3 class=\"wp-block-heading\">KOSTEN, ZEITPUNKT UND ART DER LIEFERUNG DES PRODUKTS<\/h3><blockquote class=\"wp-block-quote is-layout-flow wp-block-quote-is-layout-flow\"><ul><li>Die vom Kunden zu zahlenden Lieferkosten f\u00fcr das Produkt <strong>werden w\u00e4hrend des Bestellvorgangs festgelegt<\/strong> und h\u00e4ngen von der Wahl der Zahlungsmethode und der Liefermethode des gekauften Produkts ab.<\/li>\n\n<li><strong>Die Lieferzeit f\u00fcr das Produkt<\/strong> setzt sich zusammen aus <strong>der Zeit, die f\u00fcr die Fertigstellung des Produkts ben\u00f6tigt wird, und der Zeit, die f\u00fcr die Auslieferung des Produkts durch den Spediteur ben\u00f6tigt wird<\/strong>:<ul><li>Die Zeit f\u00fcr die Fertigstellung der Produkte betr\u00e4gt bis zu 1 Arbeitstag ab dem Zeitpunkt:<\/li>\n\n<li>die Buchung der im Rahmen des Kaufvertrags gezahlten Betr\u00e4ge auf dem Konto des Verk\u00e4ufers<\/li>\n\n<li>oder positive Autorisierung der Transaktion durch ein elektronisches Zahlungssystem<\/li>\n\n<li>oder die Annahme des Auftrags zur Ausf\u00fchrung durch den Verk\u00e4ufer im Falle der Wahl einer Zahlung bei Lieferung,<\/li>\n\n<li>Die Lieferung der beweglichen G\u00fcter durch den Spediteur erfolgt innerhalb der vom Spediteur angegebenen Frist, d.h.\nbis zu 3 Werktagen ab dem Zeitpunkt des Versands (die Lieferung erfolgt nur an Werktagen au\u00dfer Samstagen, Sonntagen und Feiertagen). <\/li><\/ul><\/li>\n\n<li>Die im Shop gekauften Produkte werden per Kurierdienst versandt.<\/li><\/ul><\/blockquote><h2 class=\"wp-block-heading has-text-align-center\"><strong>B&amp;W Unternehmen<\/strong><\/h2><p class=\"has-text-align-center\"><strong>B&amp;W Sp.<br>z o.o.  <\/strong><br><br>34-120 Andrych\u00f3w ul. <br>S\u0142owackiego 4D\/2 POLEN <br><strong>NIP (VATEU)<\/strong>: PL5512638820<\/p><p class=\"has-text-align-center\"><strong>Bankkontonummer:<\/strong> PL 16 1020 1433 0000 1602 0184 3820<br>BIC SWIFT:\u00a0<strong>BPKOPLPW<\/strong><\/p><p class=\"has-text-align-center\"><br><strong>Tel:<\/strong> +48 500 301 733<br><strong>E-Mail:<\/strong> sklep@bwcompany.pl<\/p>","protected":false},"excerpt":{"rendered":"<p>WWW.BWCOMPANYSHOP.COM KOSTEN, ZEITPUNKT UND ART DER LIEFERUNG DES PRODUKTS B&amp;W Unternehmen B&amp;W Sp.z o.o. 34-120 Andrych\u00f3w ul. S\u0142owackiego 4D\/2 POLEN NIP (VATEU): PL5512638820 Bankkontonummer: PL 16 1020 1433 0000 1602 0184 3820BIC SWIFT:\u00a0BPKOPLPW Tel: +48 500 301 733E-Mail: sklep@bwcompany.pl<\/p>\n","protected":false},"author":2,"featured_media":0,"parent":0,"menu_order":0,"comment_status":"closed","ping_status":"closed","template":"","meta":{"neve_meta_sidebar":"","neve_meta_container":"","neve_meta_enable_content_width":"","neve_meta_content_width":0,"neve_meta_title_alignment":"","neve_meta_author_avatar":"","neve_post_elements_order":"","neve_meta_disable_header":"","neve_meta_disable_footer":"","neve_meta_disable_title":"","_themeisle_gutenberg_block_has_review":false,"footnotes":""},"jetpack_sharing_enabled":true,"_links":{"self":[{"href":"https:\/\/www.bwcompanyshop.com\/de\/wp-json\/wp\/v2\/pages\/1276"}],"collection":[{"href":"https:\/\/www.bwcompanyshop.com\/de\/wp-json\/wp\/v2\/pages"}],"about":[{"href":"https:\/\/www.bwcompanyshop.com\/de\/wp-json\/wp\/v2\/types\/page"}],"author":[{"embeddable":true,"href":"https:\/\/www.bwcompanyshop.com\/de\/wp-json\/wp\/v2\/users\/2"}],"replies":[{"embeddable":true,"href":"https:\/\/www.bwcompanyshop.com\/de\/wp-json\/wp\/v2\/comments?post=1276"}],"version-history":[{"count":2,"href":"https:\/\/www.bwcompanyshop.com\/de\/wp-json\/wp\/v2\/pages\/1276\/revisions"}],"predecessor-version":[{"id":1293,"href":"https:\/\/www.bwcompanyshop.com\/de\/wp-json\/wp\/v2\/pages\/1276\/revisions\/1293"}],"wp:attachment":[{"href":"https:\/\/www.bwcompanyshop.com\/de\/wp-json\/wp\/v2\/media?parent=1276"}],"curies":[{"name":"wp","href":"https:\/\/api.w.org\/{rel}","templated":true}]}}