{"id":952,"date":"2024-05-06T12:07:39","date_gmt":"2024-05-06T12:07:39","guid":{"rendered":"https:\/\/www.bwcompanyshop.com\/?page_id=952"},"modified":"2024-05-07T06:56:23","modified_gmt":"2024-05-07T06:56:23","slug":"datenschutzrichtlinie-des-online-shops","status":"publish","type":"page","link":"https:\/\/www.bwcompanyshop.com\/de\/datenschutzrichtlinie-des-online-shops\/","title":{"rendered":"Datenschutzrichtlinie des Online-Shops"},"content":{"rendered":"<p class=\"has-text-align-center\"><a href=\"http:\/\/www.bwcompanyshop.com\/\"><strong>WWW.BWCOMPANYSHOP.COM<\/strong><\/a><\/p><h3 class=\"wp-block-heading\"><strong><strong>\u00a7 1<\/strong> ALLGEMEINE BESTIMMUNGEN<\/strong><\/h3><p>Der Administrator der \u00fcber den Online-Shop <a href=\"http:\/\/www.bwcompanyshop.com\/\">www.bwcompanyshop.com<\/a> gesammelten personenbezogenen Daten ist B&amp;W GESELLSCHAFT MIT BESCHR\u00c4NKTER HAFTUNG, eingetragen im Unternehmensregister durch das BEZIRKSGERICHT F\u00dcR KRAKAU-INNENSTADT IN KRAKAU, XII WIRTSCHAFTSABTEILUNG DES NATIONALGERICHTSREGISTERS unter der Nummer KRS: 0000772290. Stammkapital: 280.000,00 PLN.<\/p><p>Ort der Gesch\u00e4ftst\u00e4tigkeit und Zustelladresse: ul. S\u0142owackiego 4D\/2, 34-120 Andrych\u00f3w, NIP: 5512638820, REGON: 382600445, E-Mail-Adresse: <a>sklep@bwcompany.pl<\/a>, Telefonnummer: +48 506 175 899, im Folgenden als \u201eAdministrator\u201c und gleichzeitig als \u201eDienstleister\u201c bezeichnet.<\/p><p>Die durch den Administrator \u00fcber die Website gesammelten personenbezogenen Daten werden gem\u00e4\u00df der Verordnung des Europ\u00e4ischen Parlaments und des Rates (EU) 2016\/679 vom 27. April 2016 \u00fcber den Schutz nat\u00fcrlicher Personen bei der Verarbeitung personenbezogener Daten und \u00fcber den freien Datenverkehr sowie zur Aufhebung der Richtlinie 95\/46\/EG (Datenschutz-Grundverordnung), im Folgenden DSGVO genannt, verarbeitet.<\/p><p>Alle W\u00f6rter oder Ausdr\u00fccke, die im Inhalt dieser Datenschutzrichtlinie gro\u00df geschrieben sind, sind gem\u00e4\u00df ihrer Definition in den Allgemeinen Gesch\u00e4ftsbedingungen des Online-Shops <a href=\"http:\/\/www.bwcompanyshop.com\/\">www.bwcompanyshop.com<\/a> zu verstehen.<\/p><h3 class=\"wp-block-heading\"><strong><strong>\u00a7 2<\/strong> ART DER VERARBEITETEN PERSONENBEZOGENEN DATEN, ZWECK UND UMFANG DER DATENERHEBUNG<\/strong><\/h3><p>ZWECK DER VERARBEITUNG UND RECHTSGRUNDLAGE. Der Administrator verarbeitet die personenbezogenen Daten der Benutzer des Shops <a href=\"http:\/\/www.bwcompanyshop.com\/\">www.bwcompanyshop.com<\/a> im Falle von:<\/p><ul><li>Registrierung eines Kontos im Shop zum Zweck der Erstellung eines individuellen Kontos und der Verwaltung dieses Kontos auf der Grundlage von Art. 6 Abs. 1 lit. b) DSGVO (Durchf\u00fchrung eines Vertrags \u00fcber die Erbringung von Dienstleistungen auf elektronischem Wege gem\u00e4\u00df den Gesch\u00e4ftsbedingungen des Shops),<\/li>\n\n<li>Aufgabe einer Bestellung im Shop zum Zweck der Durchf\u00fchrung eines Kaufvertrags auf der Grundlage von Art. 6 Abs. 1 lit. b) DSGVO (Durchf\u00fchrung eines Kaufvertrags),<\/li>\n\n<li>Nutzung des Bewertungssystems, um dem Kunden die M\u00f6glichkeit zu geben, seine Meinung zu dem im Shop gekauften Produkt und dem mit dem Verk\u00e4ufer geschlossenen Kaufvertrag auf der Grundlage von Art. 6 Abs. 1 lit. f) DSGVO (berechtigtes Interesse des Unternehmers) zu \u00e4u\u00dfern.<\/li><\/ul><p>ART DER VERARBEITETEN PERSONENBEZOGENEN DATEN. Der Dienstnutzer gibt im Falle von:<\/p><ul><li>Konto: E-Mail-Adresse,<\/li>\n\n<li>Bestellung: Vor- und Nachname, Adresse, NIP, E-Mail-Adresse, Telefonnummer,<\/li>\n\n<li>Bewertungssystem: Vor- und Nachname, E-Mail-Adresse.<\/li><\/ul><p>AUFBEWAHRUNGSFRIST DER PERSONENBEZOGENEN DATEN. Die personenbezogenen Daten der Dienstnutzer werden vom Administrator gespeichert:<\/p><ul><li>wenn die Grundlage f\u00fcr die Datenverarbeitung die Vertragsdurchf\u00fchrung ist, solange dies zur Vertragsdurchf\u00fchrung notwendig ist, und danach f\u00fcr einen Zeitraum, der der Verj\u00e4hrungsfrist f\u00fcr Anspr\u00fcche entspricht.<\/li>\n\n<li>Wenn nicht anders durch spezielle Bestimmungen geregelt, betr\u00e4gt die Verj\u00e4hrungsfrist sechs Jahre, und f\u00fcr Anspr\u00fcche auf periodische Leistungen sowie f\u00fcr Anspr\u00fcche im Zusammenhang mit der Gesch\u00e4ftst\u00e4tigkeit &#8211; drei Jahre,<\/li>\n\n<li>wenn die Grundlage f\u00fcr die Datenverarbeitung die Einwilligung ist, so lange, bis die Einwilligung widerrufen wird, und nach dem Widerruf der Einwilligung f\u00fcr einen Zeitraum, der der Verj\u00e4hrungsfrist f\u00fcr Anspr\u00fcche entspricht, die der Administrator erheben kann und die gegen ihn erhoben werden k\u00f6nnen.<\/li><\/ul><p>W\u00e4hrend der Nutzung des Shops k\u00f6nnen zus\u00e4tzliche Informationen insbesondere erhoben werden: die dem Computer des Dienstnutzers zugewiesene IP-Adresse oder die externe IP-Adresse des Internetanbieters, Domainname, Browser-Typ, Zugriffszeit, Betriebssystemtyp.<\/p><p>Nach Erteilung einer gesonderten Einwilligung auf der Grundlage von Art. 6 Abs. 1 lit. a) DSGVO k\u00f6nnen die Daten auch zum Zweck des Versands kommerzieller Informationen auf elektronischem Wege oder zur Durchf\u00fchrung von Telefonanrufen f\u00fcr Direktmarketing \u2013 entsprechend in Verbindung mit Art. 10 Abs. 2 des Gesetzes vom 18. Juli 2002 \u00fcber die Erbringung von Dienstleistungen auf elektronischem Wege oder Art. 172 Abs. 1 des Gesetzes vom 16. Juli 2004 \u2013 Telekommunikationsgesetz, einschlie\u00dflich derer, die infolge von Profiling durchgef\u00fchrt werden, verarbeitet werden, sofern der Dienstnutzer die entsprechende Einwilligung erteilt hat.<\/p><p>Von den Dienstnutzern k\u00f6nnen auch Navigationsdaten gesammelt werden, einschlie\u00dflich Informationen \u00fcber Links und Verweise, auf die sie sich entscheiden zu klicken, oder andere Aktionen, die im Shop unternommen werden.<\/p><p>Die rechtliche Grundlage f\u00fcr derartige Aktivit\u00e4ten ist das berechtigte Interesse des Administrators (Art. 6 Abs. 1 lit. f DSGVO), das darin besteht, die Nutzung der auf elektronischem Wege erbrachten Dienste zu erleichtern und deren Funktionalit\u00e4t zu verbessern.<\/p><p>Die Bereitstellung personenbezogener Daten durch den Dienstnutzer ist freiwillig. Der Administrator legt besondere Sorgfalt darauf, die Interessen der betroffenen Personen zu sch\u00fctzen, insbesondere stellt er sicher, dass die von ihm gesammelten Daten:<\/p><ul><li>rechtm\u00e4\u00dfig verarbeitet werden,<\/li>\n\n<li>f\u00fcr festgelegte, rechtm\u00e4\u00dfige Zwecke erhoben werden und keiner weiteren Verarbeitung unterzogen werden, die mit diesen Zwecken nicht vereinbar ist,<\/li>\n\n<li>sachlich korrekt und angemessen in Bezug auf die Zwecke sind, f\u00fcr die sie verarbeitet werden, und in einer Form gespeichert werden, die die Identifizierung der betroffenen Personen nicht l\u00e4nger erm\u00f6glicht, als es zur Erreichung des Verarbeitungszwecks notwendig ist.<\/li><\/ul><h3 class=\"wp-block-heading\"><strong><strong>\u00a7<\/strong><\/strong> 3 WEITERGABE VON PERSONENBEZOGENEN DATEN<\/h3><p>Personenbezogene Daten der Dienstnutzer werden an Dienstleister weitergegeben, die der Administrator zur F\u00fchrung des Shops nutzt, insbesondere an:<\/p><ul><li>Anbieter, die die Lieferung der Produkte durchf\u00fchren,<\/li>\n\n<li>Anbieter von Zahlungssystemen,<\/li>\n\n<li>Anbieter von Umfragesystemen,<\/li>\n\n<li>Buchhaltungsb\u00fcros,<\/li>\n\n<li>Hosting-Anbieter,<\/li>\n\n<li>Anbieter von Software, die f\u00fcr die F\u00fchrung des Gesch\u00e4fts erforderlich ist,<\/li>\n\n<li>Anbieter von Mailing-Systemen,<\/li>\n\n<li>Anbieter von Software, die f\u00fcr den Betrieb des Online-Shops erforderlich ist.<\/li><\/ul><p>Dienstleister (wie in Punkt 1 dieses Paragraphen erw\u00e4hnt), denen personenbezogene Daten \u00fcbermittelt werden &#8211; je nach vertraglichen Vereinbarungen und Umst\u00e4nden &#8211; folgen entweder den Anweisungen des Administrators bez\u00fcglich der Zwecke und Methoden der Datenverarbeitung (Verarbeiter) oder bestimmen selbst die Zwecke und Methoden ihrer Verarbeitung (Verantwortliche).<\/p><p>Personenbezogene Daten der Dienstnutzer werden ausschlie\u00dflich im Europ\u00e4ischen Wirtschaftsraum (EWR) gespeichert, vorbehaltlich \u00a7 5 Punkt 5 und \u00a7 6 der Datenschutzrichtlinie.<\/p><h3 class=\"wp-block-heading\"><strong><strong>\u00a7 4<\/strong> RECHT AUF KONTROLLE, ZUGANG ZU DEN EIGENEN DATEN UND DEREN KORREKTUR<\/strong><\/h3><p>Die betroffene Person hat das Recht, auf den Inhalt ihrer personenbezogenen Daten zuzugreifen sowie das Recht auf Berichtigung, L\u00f6schung, Einschr\u00e4nkung der Verarbeitung, das Recht auf Daten\u00fcbertragbarkeit, das Recht auf Widerspruch und das Recht, die Einwilligung jederzeit zu widerrufen, ohne dass dies die Rechtm\u00e4\u00dfigkeit der aufgrund der Einwilligung vor deren Widerruf erfolgten Verarbeitung ber\u00fchrt.<\/p><p>Rechtsgrundlagen f\u00fcr die Anforderungen des Dienstnutzers:<\/p><ul><li>Zugang zu Daten \u2013 Art. 15 DSGVO,<\/li>\n\n<li>Datenberichtigung \u2013 Art. 16 DSGVO,<\/li>\n\n<li>Datenl\u00f6schung (sog. Recht auf Vergessenwerden) \u2013 Art. 17 DSGVO,<\/li>\n\n<li>Einschr\u00e4nkung der Verarbeitung \u2013 Art. 18 DSGVO,<\/li>\n\n<li>Daten\u00fcbertragbarkeit \u2013 Art. 20 DSGVO,<\/li>\n\n<li>Widerspruch \u2013 Art. 21 DSGVO,<\/li>\n\n<li>Widerruf der Einwilligung \u2013 Art. 7 Abs. 3 DSGVO.<\/li><\/ul><p>Um die in Punkt 2 genannten Rechte auszu\u00fcben, kann eine entsprechende E-Mail-Nachricht an die Adresse: <a>sklep@bwcompany.pl<\/a> gesendet werden.<\/p><p>Tritt der Dienstnutzer mit einem Anliegen auf, das sich aus den oben genannten Rechten ergibt, erf\u00fcllt der Administrator die Anforderung oder lehnt sie unverz\u00fcglich, sp\u00e4testens jedoch innerhalb eines Monats nach ihrem Eingang ab.<\/p><p>Sollte der Administrator aufgrund der komplexen Natur der Anfrage oder der Anzahl der Anfragen die Anfrage nicht innerhalb eines Monats erf\u00fcllen k\u00f6nnen, erf\u00fcllt er sie innerhalb der n\u00e4chsten zwei Monate, informiert den Dienstnutzer jedoch vorab innerhalb eines Monats nach Erhalt der Anfrage \u00fcber die beabsichtigte Verl\u00e4ngerung der Frist und ihre Gr\u00fcnde.<\/p><p>Falls festgestellt wird, dass die Verarbeitung personenbezogener Daten gegen die Vorschriften der DSGVO verst\u00f6\u00dft, hat die betroffene Person das Recht, eine Beschwerde beim Pr\u00e4sidenten des Amtes f\u00fcr den Schutz personenbezogener Daten einzureichen.<\/p><h3 class=\"wp-block-heading\"><strong><strong> \u00a7 5<\/strong> COOKIES<\/strong><\/h3><p>Die Seite des Administrators verwendet \u201eCookies\u201c. Die Installation von \u201eCookies\u201c ist notwendig, um Dienstleistungen auf der Website des Shops korrekt anbieten zu k\u00f6nnen. In den \u201eCookies\u201c befinden sich Informationen, die f\u00fcr das ordnungsgem\u00e4\u00dfe Funktionieren der Seite notwendig sind, sowie sie erm\u00f6glichen auch die Erstellung von allgemeinen Besuchsstatistiken.<\/p><p>Auf der Seite werden zwei Arten von \u201eCookies\u201c verwendet: \u201eSession-Cookies\u201c und \u201epermanente Cookies\u201c. \u201eSession-Cookies\u201c sind tempor\u00e4re Dateien, die im Endger\u00e4t des Dienstnutzers bis zum Ausloggen (Verlassen der Seite) gespeichert werden, \u201epermanente Cookies\u201c werden im Endger\u00e4t des Dienstnutzers f\u00fcr die Dauer, die in den Cookie-Parametern festgelegt ist, oder bis sie vom Dienstnutzer gel\u00f6scht werden, gespeichert.<\/p><p>Der Administrator verwendet eigene Cookies, um besser zu verstehen, wie Dienstnutzer mit dem Inhalt der Seite interagieren. Cookies sammeln Informationen dar\u00fcber, wie der Dienstnutzer die Webseite nutzt, den Typ der Seite, von der der Dienstnutzer weitergeleitet wurde, sowie die Anzahl der Besuche und die Dauer des Aufenthalts des Dienstnutzers auf der Webseite. Diese Informationen registrieren keine spezifischen personenbezogenen Daten des Dienstnutzers, dienen jedoch dazu, Statistiken \u00fcber die Nutzung der Seite zu erstellen.<\/p><p>Der Administrator verwendet auch externe Cookies, um allgemeine und anonyme statistische Daten \u00fcber Analysetools von Google Analytics (externer Cookie-Administrator: Google LLC mit Sitz in den USA) zu sammeln.<\/p><p>Cookies k\u00f6nnen auch von Werbenetzwerken (insbesondere dem Google-Netzwerk) verwendet werden, um Anzeigen anzuzeigen, die auf die Art und Weise abgestimmt sind, wie der Dienstnutzer den Shop nutzt. Zu diesem Zweck k\u00f6nnen sie Informationen \u00fcber den Navigationspfad des Dienstnutzers oder die Zeit, die auf einer bestimmten Seite verbracht wird, speichern.<\/p><p>Der Dienstnutzer hat das Recht zu entscheiden, in welchem Umfang \u201eCookies\u201c auf seinem Computer zug\u00e4nglich sind, indem er:<\/p><ul><li>die Arten von Cookies ausw\u00e4hlt, f\u00fcr deren Sammlung er sofort nach Betreten der Shop-Seite und dem Erscheinen der Cookie-Mitteilung seine Zustimmung gibt,<\/li>\n\n<li>die Einstellungen im Fenster seines Browsers \u00e4ndert.<\/li><\/ul><p>Detaillierte Informationen \u00fcber die M\u00f6glichkeiten und Methoden zur Handhabung von \u201eCookies\u201c sind auch in den Einstellungen der Software (Internetbrowser) verf\u00fcgbar.<\/p><h3 class=\"wp-block-heading\"><strong><strong>\u00a7 6<\/strong> ZUSATZDIENSTE IM ZUSAMMENHANG MIT DER AKTIVIT\u00c4T DES NUTZERS IM SHOP<\/strong><\/h3><p>Im Shop werden sogenannte soziale Plugins (\u201ePlugins\u201c) von sozialen Netzwerken verwendet. Beim Anzeigen einer Webseite <a href=\"http:\/\/www.bwcompanyshop.com\/\">www.bwcompanyshop.com<\/a>, die ein solches Plugin enth\u00e4lt, stellt der Browser des Dienstnutzers eine direkte Verbindung zu den Servern von Facebook, Instagram, Twitter und YouTube her. Der Inhalt des Plugins wird vom jeweiligen Dienstanbieter direkt an den Browser des Dienstnutzers \u00fcbermittelt und mit der Seite integriert.<\/p><p>Durch diese Integration erhalten die Dienstanbieter die Information, dass der Browser des Dienstnutzers die Seite <a href=\"http:\/\/www.bwcompanyshop.com\/\">www.bwcompanyshop.com<\/a> angezeigt hat, auch wenn der Dienstnutzer kein Profil bei dem Dienstanbieter hat oder gerade nicht eingeloggt ist. Diese Information (einschlie\u00dflich der IP-Adresse des Dienstnutzers) wird vom Browser direkt an den Server des jeweiligen Dienstanbieters (einige Server befinden sich in den USA) gesendet und dort gespeichert.<\/p><p>Wenn sich der Dienstnutzer bei einem der oben genannten sozialen Netzwerke anmeldet, kann der Dienstanbieter den Besuch auf der Seite <a href=\"http:\/\/www.bwcompanyshop.com\/\">www.bwcompanyshop.com<\/a> direkt dem Profil des Dienstnutzers in dem jeweiligen sozialen Netzwerk zuordnen.<\/p><p>Wenn der Dienstnutzer das Plugin verwendet, z. B. durch Klicken auf den \u201eGef\u00e4llt mir\u201c-Button oder den \u201eTeilen\u201c-Button, wird die entsprechende Information ebenfalls direkt an den Server des jeweiligen Dienstanbieters gesendet und dort gespeichert.<\/p><p>Zweck und Umfang der Datenerhebung sowie deren weitere Verarbeitung und Nutzung durch die Dienstanbieter sowie die Kontaktm\u00f6glichkeit und die Rechte des Dienstnutzers in diesem Bereich und die M\u00f6glichkeit, Einstellungen zum Schutz der Privatsph\u00e4re des Dienstnutzers vorzunehmen, sind in der Datenschutzrichtlinie der Dienstanbieter beschrieben:<\/p><p>Wenn der Dienstnutzer nicht m\u00f6chte, dass soziale Netzwerke die w\u00e4hrend des Besuchs auf der Seite <a href=\"http:\/\/www.bwcompanyshop.com\/\">www.bwcompanyshop.com<\/a> gesammelten Daten direkt seinem Profil in einem bestimmten Dienst zuordnen, muss er sich vor dem Besuch der Seite <a href=\"http:\/\/www.bwcompanyshop.com\/\">www.bwcompanyshop.com<\/a> von diesem Dienst abmelden. Der Dienstnutzer kann auch das Laden der Plugins auf der Seite vollst\u00e4ndig verhindern, indem er geeignete Browser-Erweiterungen verwendet, z. B. das Blockieren von Skripten mit \u201eNoScript\u201c.<\/p><p>Der Administrator verwendet auf seiner Seite Remarketing-Tools, z. B. Google Ads. Ihre Nutzung ist mit der Verwendung von Cookies von Google LLC im Zusammenhang mit dem Google Ads-Dienst verbunden. Im Rahmen des Cookie-Verwaltungsmechanismus hat der Dienstnutzer die M\u00f6glichkeit zu entscheiden, ob der Dienstanbieter Google Ads (externer Cookie-Administrator: Google LLC mit Sitz in den USA) in Bezug auf ihn verwenden darf.<\/p><h3 class=\"wp-block-heading\"><strong><strong> \u00a7 7<\/strong> SCHLUSSBESTIMMUNGEN<\/strong><\/h3><p>Der Administrator wendet technische und organisatorische Ma\u00dfnahmen an, die einen angemessenen Schutz der verarbeiteten personenbezogenen Daten gew\u00e4hrleisten, entsprechend den Risiken und der Kategorie der gesch\u00fctzten Daten, insbesondere sichert er die Daten vor ihrer Weitergabe an unbefugte Personen, ihrer Entwendung durch eine unbefugte Person, ihrer Verarbeitung unter Versto\u00df gegen die geltenden Vorschriften sowie vor Ver\u00e4nderung, Verlust, Besch\u00e4digung oder Zerst\u00f6rung.<\/p><p>Der Administrator stellt geeignete technische Mittel zur Verf\u00fcgung, um das Erlangen und Modifizieren personenbezogener Daten durch unbefugte Personen, die elektronisch \u00fcbermittelt werden, zu verhindern.<\/p><p>In Angelegenheiten, die nicht durch diese Datenschutzrichtlinie geregelt sind, gelten entsprechend die Bestimmungen der DSGVO sowie andere einschl\u00e4gige Bestimmungen des polnischen Rechts.<\/p>","protected":false},"excerpt":{"rendered":"<p>WWW.BWCOMPANYSHOP.COM \u00a7 1 ALLGEMEINE BESTIMMUNGEN Der Administrator der \u00fcber den Online-Shop www.bwcompanyshop.com gesammelten personenbezogenen Daten ist B&amp;W GESELLSCHAFT MIT BESCHR\u00c4NKTER HAFTUNG, eingetragen im Unternehmensregister durch das BEZIRKSGERICHT F\u00dcR KRAKAU-INNENSTADT IN KRAKAU, XII WIRTSCHAFTSABTEILUNG DES NATIONALGERICHTSREGISTERS unter der Nummer KRS: 0000772290. Stammkapital: 280.000,00 PLN. Ort der Gesch\u00e4ftst\u00e4tigkeit und Zustelladresse: ul. S\u0142owackiego 4D\/2, 34-120 Andrych\u00f3w, NIP: 5512638820,&hellip;&nbsp;<a href=\"https:\/\/www.bwcompanyshop.com\/de\/datenschutzrichtlinie-des-online-shops\/\" rel=\"bookmark\">Weiterlesen &raquo;<span class=\"screen-reader-text\">Datenschutzrichtlinie des Online-Shops<\/span><\/a><\/p>\n","protected":false},"author":2,"featured_media":0,"parent":0,"menu_order":0,"comment_status":"closed","ping_status":"closed","template":"","meta":{"neve_meta_sidebar":"","neve_meta_container":"","neve_meta_enable_content_width":"","neve_meta_content_width":0,"neve_meta_title_alignment":"","neve_meta_author_avatar":"","neve_post_elements_order":"","neve_meta_disable_header":"","neve_meta_disable_footer":"","neve_meta_disable_title":"","_themeisle_gutenberg_block_has_review":false,"footnotes":""},"jetpack_sharing_enabled":true,"_links":{"self":[{"href":"https:\/\/www.bwcompanyshop.com\/de\/wp-json\/wp\/v2\/pages\/952"}],"collection":[{"href":"https:\/\/www.bwcompanyshop.com\/de\/wp-json\/wp\/v2\/pages"}],"about":[{"href":"https:\/\/www.bwcompanyshop.com\/de\/wp-json\/wp\/v2\/types\/page"}],"author":[{"embeddable":true,"href":"https:\/\/www.bwcompanyshop.com\/de\/wp-json\/wp\/v2\/users\/2"}],"replies":[{"embeddable":true,"href":"https:\/\/www.bwcompanyshop.com\/de\/wp-json\/wp\/v2\/comments?post=952"}],"version-history":[{"count":1,"href":"https:\/\/www.bwcompanyshop.com\/de\/wp-json\/wp\/v2\/pages\/952\/revisions"}],"predecessor-version":[{"id":953,"href":"https:\/\/www.bwcompanyshop.com\/de\/wp-json\/wp\/v2\/pages\/952\/revisions\/953"}],"wp:attachment":[{"href":"https:\/\/www.bwcompanyshop.com\/de\/wp-json\/wp\/v2\/media?parent=952"}],"curies":[{"name":"wp","href":"https:\/\/api.w.org\/{rel}","templated":true}]}}