{"id":1104,"date":"2024-07-04T08:07:06","date_gmt":"2024-07-04T08:07:06","guid":{"rendered":"https:\/\/www.bwcompanyshop.com\/?post_type=product&#038;p=1104"},"modified":"2024-07-15T09:13:36","modified_gmt":"2024-07-15T09:13:36","slug":"sandkasten-aus-holz-250-kg-scandinavian-house","status":"publish","type":"product","link":"https:\/\/www.bwcompanyshop.com\/de\/produkt\/sandkasten-aus-holz-250-kg-scandinavian-house\/","title":{"rendered":"Geschlossener Sandkasten aus Holz mit B\u00e4nken 120x120cm"},"content":{"rendered":"<p><strong>Abschlie\u00dfbarer Holzsandkasten mit B\u00e4nken 120&#215;120 cm &#8211; schnelle Montage, hochwertige Qualit\u00e4t<\/strong><\/p>\n<p>Schenken Sie Ihrem Kind ein Abenteuer voller Spa\u00df und M\u00f6glichkeiten mit unserem neuen abschlie\u00dfbaren Sandkasten mit B\u00e4nken. Dies ist der erste Sandkasten auf dem Markt, der extrem einfach und schnell zusammengebaut werden kann. Jedes Detail wurde durchdacht, um Sicherheit und Vergn\u00fcgen zu gew\u00e4hrleisten.<\/p>\n<p>Der Sandkasten ist aus erstklassigem Fichtenholz gefertigt, das nach <strong>ISPM-15<\/strong> zertifiziert ist. Die Elemente des Sandkastens sind gehobelt und gefr\u00e4st, so dass sie sich angenehm anf\u00fchlen und sicher f\u00fcr Kinder sind.<\/p>\n<h3>Sandkasten-Funktionen:<\/h3>\n<ul>\n<li><strong>Hochwertiges Material:<\/strong> Hergestellt aus 18-20 mm dicken gehobelten Brettern f\u00fcr Robustheit und Sicherheit.<\/li>\n<li><strong>Komfort:<\/strong> Ausgestattet mit zwei klappbaren B\u00e4nken mit R\u00fcckenlehnen, die Kindern einen bequemen Sitzplatz bieten.<\/li>\n<li><strong>Sicherheit:<\/strong> Alle Materialien sind frei von Schadstoffen und die Bretter haben abgerundete Kanten.<\/li>\n<li><strong>Schneller Aufbau:<\/strong> Dank der reduzierten Anzahl von Brettern ist der Aufbau schnell und einfach. Alle notwendigen Materialien sind im Lieferumfang enthalten, Sie ben\u00f6tigen lediglich einen Schraubenzieher und einen Bohrer.<\/li>\n<li><strong>Leicht sauber zu halten:<\/strong> Die klappbaren B\u00e4nke umschlie\u00dfen den Sandkasten und sch\u00fctzen den Sand vor Verunreinigungen wie Bl\u00e4ttern oder Tieren.<\/li>\n<li><strong>Personalisierung:<\/strong> Die unbehandelten Bretter erm\u00f6glichen eine individuelle Veredelung nach pers\u00f6nlichen Vorlieben.<\/li>\n<\/ul>\n<h3>Was macht unseren Sandkasten so besonders?<\/h3>\n<ul>\n<li><strong>Reduktion der Elemente:<\/strong> Die Anzahl der Bretter wurde halbiert, was die Montage einfacher und schneller macht.<\/li>\n<li><strong>Einfacher Zusammenbau:<\/strong> Alle notwendigen Komponenten sind im Lieferumfang enthalten und eine klare Anleitung erleichtert den Zusammenbau.<\/li>\n<li><strong>Qualit\u00e4t der Materialien:<\/strong> Die Bretter sind gehobelt, geschliffen und ihre Kanten sind abgerundet. Schrauben und Scharniere sind im Lieferumfang enthalten.<\/li>\n<li><strong>Polnische Manufaktur:<\/strong> Hergestellt in Polen mit Liebe zum kleinsten Detail.<\/li>\n<\/ul>\n<h3>Spezifikation:<\/h3>\n<ul>\n<li><strong>Ma\u00dfe:<\/strong> 120 cm x 120 cm x 20 cm (zusammengeklappt)<\/li>\n<li><strong>Hersteller-Code:<\/strong> 8858<\/li>\n<li><strong>EAN (GTIN):<\/strong> 5905261422040<\/li>\n<\/ul>\n<h3>Das Set enth\u00e4lt:<\/h3>\n<ul>\n<li>Klappbarer Sandkasten mit B\u00e4nken<\/li>\n<li>Alle f\u00fcr die Montage erforderlichen Komponenten<\/li>\n<\/ul>\n<h3>Empfehlungen:<\/h3>\n<ul>\n<li>Es wird empfohlen, die Platten vor dem Gebrauch zu impr\u00e4gnieren, um die Lebensdauer des Produkts zu verl\u00e4ngern.<\/li>\n<\/ul>\n<p>Entdecken Sie einen sicheren Spielraum mit unserem innovativen abschlie\u00dfbaren Sandkasten!<\/p>\n","protected":false},"excerpt":{"rendered":"<p><strong>Geschlossener Sandkasten aus Holz mit B\u00e4nken 120&#215;120 cm &#8211; schnelle Montage, hohe Qualit\u00e4t<\/strong><\/p>\n<p>Schenken Sie Ihrem Kind unvergessliche Momente mit dem Sandkasten 120&#215;120 cm aus Holz. Es wird aus erstklassigem Fichtenholz hergestellt und ist ISPM-15 zertifiziert. Zwei klappbare B\u00e4nke mit R\u00fcckenlehnen sorgen f\u00fcr Komfort, und die abschlie\u00dfbare Konstruktion h\u00e4lt den Sand fern. Einfache und schnelle Installation dank einer minimalen Anzahl von Komponenten. Ideal f\u00fcr Kinder, sicher und allergikerfreundlich.<\/p>\n","protected":false},"featured_media":1223,"comment_status":"open","ping_status":"closed","template":"","meta":{"neve_meta_sidebar":"","neve_meta_container":"","neve_meta_enable_content_width":"off","neve_meta_content_width":100,"neve_meta_title_alignment":"","neve_meta_author_avatar":"","neve_post_elements_order":"","neve_meta_disable_header":"","neve_meta_disable_footer":"","neve_meta_disable_title":"","_themeisle_gutenberg_block_has_review":false},"product_cat":[64],"product_tag":[],"jetpack_sharing_enabled":true,"_links":{"self":[{"href":"https:\/\/www.bwcompanyshop.com\/de\/wp-json\/wp\/v2\/product\/1104"}],"collection":[{"href":"https:\/\/www.bwcompanyshop.com\/de\/wp-json\/wp\/v2\/product"}],"about":[{"href":"https:\/\/www.bwcompanyshop.com\/de\/wp-json\/wp\/v2\/types\/product"}],"replies":[{"embeddable":true,"href":"https:\/\/www.bwcompanyshop.com\/de\/wp-json\/wp\/v2\/comments?post=1104"}],"wp:featuredmedia":[{"embeddable":true,"href":"https:\/\/www.bwcompanyshop.com\/de\/wp-json\/wp\/v2\/media\/1223"}],"wp:attachment":[{"href":"https:\/\/www.bwcompanyshop.com\/de\/wp-json\/wp\/v2\/media?parent=1104"}],"wp:term":[{"taxonomy":"product_cat","embeddable":true,"href":"https:\/\/www.bwcompanyshop.com\/de\/wp-json\/wp\/v2\/product_cat?post=1104"},{"taxonomy":"product_tag","embeddable":true,"href":"https:\/\/www.bwcompanyshop.com\/de\/wp-json\/wp\/v2\/product_tag?post=1104"}],"curies":[{"name":"wp","href":"https:\/\/api.w.org\/{rel}","templated":true}]}}