{"id":827,"date":"2024-03-15T11:07:15","date_gmt":"2024-03-15T11:07:15","guid":{"rendered":"https:\/\/www.bwcompanyshop.com\/produkt\/gemuesegarten-aus-holz-800-x-600-mm\/"},"modified":"2024-07-04T08:15:59","modified_gmt":"2024-07-04T08:15:59","slug":"gemuesegarten-aus-holz-800-x-600-mm","status":"publish","type":"product","link":"https:\/\/www.bwcompanyshop.com\/de\/produkt\/gemuesegarten-aus-holz-800-x-600-mm\/","title":{"rendered":"Holz-Gem\u00fcsegarten 800 x 600 mm &#8211; set mit 3 Aufsatzrahmen Erweiterungen"},"content":{"rendered":"<p>Entdecken Sie die unbegrenzten M\u00f6glichkeiten Ihres Gartens mit dem <strong>B&amp;W Gem\u00fcsegarten aus Holz<\/strong>. In der heutigen Welt, in der Platz zu einer immer wertvolleren Ressource wird, revolutionieren die von unserem Unternehmen angebotenen Palettenerweiterungen die Art und Weise, wie Sie Gem\u00fcse und Kr\u00e4uter anbauen k\u00f6nnen. Egal, ob Sie einen weitl\u00e4ufigen Garten oder eine kleine Terrasse haben, unsere Produkte bieten Komfort, \u00c4sthetik und ergonomische L\u00f6sungen, um jeden Raum in einen \u00fcppigen Gem\u00fcsegarten oder einen aromatischen Kr\u00e4utergarten zu verwandeln.<\/p>\n<p>Unsere <strong>800&#215;600 Holzkisten<\/strong> werden aus hochwertigem, behandeltem Holz hergestellt und sind so konstruiert, dass sie rauen Witterungsbedingungen standhalten und eine lange Lebensdauer und Haltbarkeit garantieren. Ihr einzigartiges Design macht es nicht nur einfach, Ihre Ernte zu kontrollieren, sondern sch\u00fctzt Ihre Pflanzen auch vor Sch\u00e4dlingen und Krankheiten und bietet ihnen so perfekte Wachstumsbedingungen.<\/p>\n<p>Mit B&amp;W Company war es noch nie so einfach, Ihr eigenes Gem\u00fcse und Ihre eigenen Kr\u00e4uter anzubauen. Unsere <strong>Gem\u00fcsek\u00e4sten<\/strong> lassen sich leicht im Garten umstellen, um das vorhandene Sonnenlicht und den Platz optimal zu nutzen. Dar\u00fcber hinaus macht das ergonomische Design der Produkte die Pflanzenpflege zu einem Vergn\u00fcgen und nicht zu einer l\u00e4stigen Pflicht, da das B\u00fccken und die Belastung des R\u00fcckens minimiert werden.<\/p>\n<h2>Anleitung zum Zusammenbau der Box:<\/h2>\n<p>Sie brauchen nur die Scharniere auszurichten, die Verriegelung einzusetzen und schon sind Sie fertig. Sie k\u00f6nnen die Erweiterungen \u00fcbereinander stapeln &#8211; es dauert nur ein paar Augenblicke! F\u00fcr Kunden, die gerne selbst Hand anlegen, ist dies ein gro\u00dfer Spa\u00df. Eine weitere interessante Option ist, dass die Bretter einfach in der Farbe Ihrer Wahl gestrichen werden k\u00f6nnen. Vor allem in skandinavischen G\u00e4rten finden wir farbenfrohe Blumenbeete, die einfach malerisch aussehen und ihre Besitzer dazu veranlassen, in den sozialen Medien damit zu prahlen.<\/p>\n<p><img data-recalc-dims=\"1\" loading=\"lazy\" decoding=\"async\" class=\"wp-image-785 size-full aligncenter\" src=\"https:\/\/i0.wp.com\/www.bwcompanyshop.com\/wp-content\/uploads\/2024\/03\/instrukcja-montazu.jpg?resize=744%2C600&#038;ssl=1\" alt=\"\" width=\"744\" height=\"600\" srcset=\"https:\/\/i0.wp.com\/www.bwcompanyshop.com\/wp-content\/uploads\/2024\/03\/instrukcja-montazu.jpg?w=744&amp;ssl=1 744w, https:\/\/i0.wp.com\/www.bwcompanyshop.com\/wp-content\/uploads\/2024\/03\/instrukcja-montazu.jpg?resize=300%2C242&amp;ssl=1 300w, https:\/\/i0.wp.com\/www.bwcompanyshop.com\/wp-content\/uploads\/2024\/03\/instrukcja-montazu.jpg?resize=600%2C484&amp;ssl=1 600w\" sizes=\"(max-width: 744px) 100vw, 744px\" \/><\/p>\n","protected":false},"excerpt":{"rendered":"<p>Gem\u00fcsegarten aus Holz 800 x 600, Holzkiste f\u00fcr den Garten.<\/p>\n<p>Das Set enth\u00e4lt 3 Ebenen eines Gem\u00fcsegartens:<\/p>\n<ul>\n<li>6 l\u00e4ngere Bretter 800 mm<\/li>\n<li>6 k\u00fcrzere Bretter 600 mm<\/li>\n<li>12 Scharnierstifte<\/li>\n<\/ul>\n","protected":false},"featured_media":795,"comment_status":"open","ping_status":"closed","template":"","meta":{"neve_meta_sidebar":"","neve_meta_container":"","neve_meta_enable_content_width":"off","neve_meta_content_width":100,"neve_meta_title_alignment":"","neve_meta_author_avatar":"","neve_post_elements_order":"","neve_meta_disable_header":"","neve_meta_disable_footer":"","neve_meta_disable_title":"","_themeisle_gutenberg_block_has_review":false},"product_cat":[52],"product_tag":[],"jetpack_sharing_enabled":true,"_links":{"self":[{"href":"https:\/\/www.bwcompanyshop.com\/de\/wp-json\/wp\/v2\/product\/827"}],"collection":[{"href":"https:\/\/www.bwcompanyshop.com\/de\/wp-json\/wp\/v2\/product"}],"about":[{"href":"https:\/\/www.bwcompanyshop.com\/de\/wp-json\/wp\/v2\/types\/product"}],"replies":[{"embeddable":true,"href":"https:\/\/www.bwcompanyshop.com\/de\/wp-json\/wp\/v2\/comments?post=827"}],"wp:featuredmedia":[{"embeddable":true,"href":"https:\/\/www.bwcompanyshop.com\/de\/wp-json\/wp\/v2\/media\/795"}],"wp:attachment":[{"href":"https:\/\/www.bwcompanyshop.com\/de\/wp-json\/wp\/v2\/media?parent=827"}],"wp:term":[{"taxonomy":"product_cat","embeddable":true,"href":"https:\/\/www.bwcompanyshop.com\/de\/wp-json\/wp\/v2\/product_cat?post=827"},{"taxonomy":"product_tag","embeddable":true,"href":"https:\/\/www.bwcompanyshop.com\/de\/wp-json\/wp\/v2\/product_tag?post=827"}],"curies":[{"name":"wp","href":"https:\/\/api.w.org\/{rel}","templated":true}]}}