{"id":950,"date":"2024-05-06T12:07:39","date_gmt":"2024-05-06T12:07:39","guid":{"rendered":"https:\/\/www.bwcompanyshop.com\/?page_id=950"},"modified":"2024-05-07T06:56:21","modified_gmt":"2024-05-07T06:56:21","slug":"politique-de-confidentialite-de-la-boutique-en-ligne","status":"publish","type":"page","link":"https:\/\/www.bwcompanyshop.com\/fr\/politique-de-confidentialite-de-la-boutique-en-ligne\/","title":{"rendered":"Politique de confidentialit\u00e9 de la boutique en ligne"},"content":{"rendered":"<p class=\"has-text-align-center\"><a href=\"http:\/\/www.bwcompanyshop.com\/\"><strong>WWW.BWCOMPANYSHOP.COM<\/strong><\/a><\/p><p><\/p><h3 class=\"wp-block-heading\"><strong><strong> \u00a7 1<\/strong> DISPOSITIONS G\u00c9N\u00c9RALES<\/strong><\/h3><p>L&rsquo;administrateur des donn\u00e9es personnelles collect\u00e9es via la boutique en ligne <a href=\"http:\/\/www.bwcompanyshop.com\/\">www.bwcompanyshop.com<\/a> est B&amp;W SOCI\u00c9T\u00c9 \u00c0 RESPONSABILIT\u00c9 LIMIT\u00c9E inscrite au Registre des Entrepreneurs par le TRIBUNAL DE DISTRICT POUR KRAK\u00d3W \u015aR\u00d3DMIE\u015aCIE \u00c0 KRAK\u00d3W, XII DIVISION COMMERCIALE DU REGISTRE NATIONAL DES TRIBUNAUX sous le num\u00e9ro KRS : 0000772290. Capital social : 280 000,00 PLN.<\/p><p>Lieu d&rsquo;exercice de l&rsquo;activit\u00e9 et adresse pour la correspondance : ul. S\u0142owackiego 4D\/2, 34-120 Andrych\u00f3w, NIP : 5512638820, REGON : 382600445, adresse e-mail : <a>sklep@bwcompany.pl<\/a>, num\u00e9ro de t\u00e9l\u00e9phone : +48 506 175 899, d\u00e9sign\u00e9 ci-apr\u00e8s par \u00ab l&rsquo;Administrateur \u00bb et \u00e9galement \u00ab Prestataire de Service \u00bb.<\/p><p>Les donn\u00e9es personnelles collect\u00e9es par l&rsquo;Administrateur via le site web sont trait\u00e9es conform\u00e9ment au R\u00e8glement du Parlement Europ\u00e9en et du Conseil (UE) 2016\/679 du 27 avril 2016 relatif \u00e0 la protection des personnes physiques \u00e0 l&rsquo;\u00e9gard du traitement des donn\u00e9es \u00e0 caract\u00e8re personnel et \u00e0 la libre circulation de ces donn\u00e9es, et abrogeant la directive 95\/46\/CE (r\u00e8glement g\u00e9n\u00e9ral sur la protection des donn\u00e9es), d\u00e9sign\u00e9 ci-apr\u00e8s par RGPD.<\/p><p>Tous les mots ou expressions \u00e9crits en majuscules dans le contenu de cette Politique de Confidentialit\u00e9 doivent \u00eatre compris conform\u00e9ment \u00e0 leur d\u00e9finition contenue dans les Conditions G\u00e9n\u00e9rales de la boutique en ligne <a href=\"http:\/\/www.bwcompanyshop.com\/\">www.bwcompanyshop.com<\/a><\/p><p><\/p><h3 class=\"wp-block-heading\"><strong><strong>\u00a7 2<\/strong><\/strong> <strong>TYPE DE DONN\u00c9ES PERSONNELLES TRAIT\u00c9ES, OBJECTIF ET \u00c9TENDUE DE LA COLLECTE<\/strong><\/h3><p>OBJECTIF DU TRAITEMENT ET BASE JURIDIQUE. L&rsquo;Administrateur traite les donn\u00e9es personnelles des utilisateurs du magasin <a href=\"http:\/\/www.bwcompanyshop.com\/\">www.bwcompanyshop.com<\/a> dans les cas suivants :<\/p><ul><li>enregistrement d&rsquo;un Compte dans le Magasin afin de cr\u00e9er un compte individuel et de g\u00e9rer ce Compte sur la base de l&rsquo;art. 6 alin\u00e9a 1 let. b) RGPD (ex\u00e9cution d&rsquo;un contrat de fourniture de service par voie \u00e9lectronique conform\u00e9ment aux Conditions G\u00e9n\u00e9rales du Magasin),<\/li>\n\n<li>passation de Commande dans le Magasin afin d&rsquo;ex\u00e9cuter un Contrat de Vente sur la base de l&rsquo;art. 6 alin\u00e9a 1 let. b) RGPD (ex\u00e9cution d&rsquo;un contrat de vente),<\/li>\n\n<li>utilisation du Syst\u00e8me d&rsquo;Avis afin de permettre au Client d&rsquo;exprimer son opinion sur le Produit achet\u00e9 dans le Magasin et le Contrat de Vente conclu avec le Vendeur sur la base de l&rsquo;art. 6 alin\u00e9a 1 let. f) RGPD (int\u00e9r\u00eat l\u00e9gitime de l&rsquo;entrepreneur).<\/li><\/ul><p>TYPE DE DONN\u00c9ES PERSONNELLES TRAIT\u00c9ES. L&rsquo;Utilisateur du service fournit dans le cas de :<\/p><ul><li>Compte : adresse e-mail,<\/li>\n\n<li>Commande : nom et pr\u00e9nom, adresse, NIP, adresse e-mail, num\u00e9ro de t\u00e9l\u00e9phone,<\/li>\n\n<li>Syst\u00e8me d&rsquo;Avis : nom et pr\u00e9nom, adresse e-mail.<\/li><\/ul><p>P\u00c9RIODE DE CONSERVATION DES DONN\u00c9ES PERSONNELLES. Les donn\u00e9es personnelles des utilisateurs du service sont conserv\u00e9es par l&rsquo;Administrateur :<\/p><ul><li>si la base du traitement des donn\u00e9es est l&rsquo;ex\u00e9cution d&rsquo;un contrat, aussi longtemps que cela est n\u00e9cessaire pour l&rsquo;ex\u00e9cution du contrat, et apr\u00e8s cette p\u00e9riode pendant une dur\u00e9e correspondant \u00e0 la p\u00e9riode de prescription des r\u00e9clamations.<\/li>\n\n<li>si une disposition sp\u00e9cifique ne stipule pas autrement, le d\u00e9lai de prescription est de six ans, et pour les r\u00e9clamations concernant des prestations p\u00e9riodiques ainsi que les r\u00e9clamations li\u00e9es \u00e0 l&rsquo;activit\u00e9 commerciale &#8211; trois ans,<\/li>\n\n<li>si la base du traitement des donn\u00e9es est le consentement, aussi longtemps que le consentement n&rsquo;est pas retir\u00e9, et apr\u00e8s le retrait du consentement pour une p\u00e9riode correspondant \u00e0 la p\u00e9riode de prescription des r\u00e9clamations que l&rsquo;Administrateur peut \u00e9lever et qui peuvent \u00eatre \u00e9lev\u00e9es contre lui.<\/li><\/ul><p>Pendant l&rsquo;utilisation du Magasin, des informations suppl\u00e9mentaires peuvent \u00eatre collect\u00e9es, en particulier : l&rsquo;adresse IP assign\u00e9e \u00e0 l&rsquo;ordinateur de l&rsquo;utilisateur du service ou l&rsquo;adresse IP externe du fournisseur d&rsquo;Internet, le nom de domaine, le type de navigateur, le temps d&rsquo;acc\u00e8s, le type de syst\u00e8me d&rsquo;exploitation.<\/p><p>Apr\u00e8s avoir exprim\u00e9 un consentement s\u00e9par\u00e9 sur la base de l&rsquo;art. 6 alin\u00e9a 1 let. a) RGPD, les donn\u00e9es peuvent \u00e9galement \u00eatre trait\u00e9es dans le but d&rsquo;envoyer des informations commerciales par voie \u00e9lectronique ou d&rsquo;effectuer des appels t\u00e9l\u00e9phoniques \u00e0 des fins de marketing direct &#8211; respectivement en relation avec l&rsquo;art. 10 alin\u00e9a 2 de la Loi du 18 juillet 2002 sur la fourniture de services par voie \u00e9lectronique ou l&rsquo;art. 172 alin\u00e9a 1 de la Loi du 16 juillet 2004 &#8211; Loi sur les t\u00e9l\u00e9communications, y compris ceux dirig\u00e9s suite au profilage, \u00e0 condition que l&rsquo;utilisateur du service ait donn\u00e9 le consentement appropri\u00e9.<\/p><p>Des donn\u00e9es de navigation peuvent \u00e9galement \u00eatre collect\u00e9es aupr\u00e8s des utilisateurs du service, y compris des informations sur les liens et r\u00e9f\u00e9rences sur lesquels ils d\u00e9cident de cliquer ou d&rsquo;autres actions entreprises dans le Magasin.<\/p><p>La base l\u00e9gale de ce type d&rsquo;activit\u00e9 est l&rsquo;int\u00e9r\u00eat l\u00e9gitime de l&rsquo;Administrateur (art. 6 alin\u00e9a 1 let. f RGPD) consistant \u00e0 faciliter l&rsquo;utilisation des services fournis par voie \u00e9lectronique et \u00e0 am\u00e9liorer la fonctionnalit\u00e9 de ces services.<\/p><p>La fourniture de donn\u00e9es personnelles par l&rsquo;utilisateur du service est volontaire. L&rsquo;Administrateur prend un soin particulier \u00e0 prot\u00e9ger les int\u00e9r\u00eats des personnes concern\u00e9es, en particulier en assurant que les donn\u00e9es collect\u00e9es par lui sont :<\/p><ul><li>trait\u00e9es conform\u00e9ment \u00e0 la loi,<\/li>\n\n<li>collect\u00e9es \u00e0 des fins sp\u00e9cifi\u00e9es, l\u00e9gales et non soumises \u00e0 un traitement ult\u00e9rieur incompatible avec ces fins,<\/li>\n\n<li>substantiellement correctes et ad\u00e9quates par rapport aux fins pour lesquelles elles sont trait\u00e9es et conserv\u00e9es sous une forme permettant l&rsquo;identification des personnes concern\u00e9es, pas plus longtemps que n\u00e9cessaire pour atteindre l&rsquo;objectif du traitement.<\/li><\/ul><p><\/p><h3 class=\"wp-block-heading\"><strong><strong>\u00a7 3<\/strong> DIVULGATION DES DONN\u00c9ES PERSONNELLES<\/strong><\/h3><p>Les donn\u00e9es personnelles des utilisateurs du service sont transmises aux fournisseurs de services utilis\u00e9s par l&rsquo;Administrateur dans la gestion du Magasin, en particulier \u00e0 :<\/p><ul><li>des entit\u00e9s effectuant la livraison des Produits,<\/li>\n\n<li>des fournisseurs de syst\u00e8mes de paiement,<\/li>\n\n<li>des fournisseurs de syst\u00e8mes d&rsquo;enqu\u00eates d&rsquo;opinion,<\/li>\n\n<li>un bureau comptable,<\/li>\n\n<li>un h\u00e9bergeur,<\/li>\n\n<li>des fournisseurs de logiciels permettant de mener des activit\u00e9s commerciales,<\/li>\n\n<li>des entit\u00e9s fournissant un syst\u00e8me de messagerie,<\/li>\n\n<li>des fournisseurs de logiciels n\u00e9cessaires \u00e0 la gestion du magasin en ligne.<\/li><\/ul><p>Les fournisseurs de services (mentionn\u00e9s au point 1 de ce paragraphe), auxquels les donn\u00e9es personnelles sont transmises &#8211; en fonction des arrangements contractuels et des circonstances &#8211; suivent soit les instructions de l&rsquo;Administrateur concernant les objectifs et les m\u00e9thodes de traitement de ces donn\u00e9es (sous-traitants) ou d\u00e9terminent ind\u00e9pendamment les objectifs et les m\u00e9thodes de leur traitement (contr\u00f4leurs).<\/p><p>Les donn\u00e9es personnelles des utilisateurs du service sont stock\u00e9es exclusivement sur le territoire de l&rsquo;Espace \u00c9conomique Europ\u00e9en (EEE), sous r\u00e9serve des \u00a7 5 point 5 et \u00a7 6 de la Politique de Confidentialit\u00e9.<\/p><p><\/p><h3 class=\"wp-block-heading\"><strong><strong>\u00a7 4<\/strong> DROIT DE CONTR\u00d4LE, ACC\u00c8S AU CONTENU DE SES PROPRES DONN\u00c9ES ET LEUR CORRECTION<\/strong><\/h3><p>La personne \u00e0 laquelle les donn\u00e9es se rapportent a le droit d&rsquo;acc\u00e9der au contenu de ses donn\u00e9es personnelles ainsi que le droit de les rectifier, les supprimer, limiter leur traitement, le droit de transf\u00e9rer des donn\u00e9es, le droit de s&rsquo;opposer, le droit de retirer son consentement \u00e0 tout moment sans affecter la l\u00e9galit\u00e9 du traitement qui a \u00e9t\u00e9 effectu\u00e9 sur la base du consentement avant son retrait.<\/p><p>Bases l\u00e9gales des demandes de l&rsquo;utilisateur du service :<\/p><ul><li>acc\u00e8s aux donn\u00e9es \u2013 art. 15 RGPD,<\/li>\n\n<li>correction des donn\u00e9es \u2013 art. 16 RGPD,<\/li>\n\n<li>suppression des donn\u00e9es (droit \u00e0 l&rsquo;oubli) \u2013 art. 17 RGPD,<\/li>\n\n<li>limitation du traitement \u2013 art. 18 RGPD,<\/li>\n\n<li>transfert des donn\u00e9es \u2013 art. 20 RGPD,<\/li>\n\n<li>opposition \u2013 art. 21 RGPD,<\/li>\n\n<li>retrait du consentement \u2013 art. 7 alin\u00e9a 3 RGPD.<\/li><\/ul><p>Pour exercer les droits mentionn\u00e9s au point 2, un message appropri\u00e9 peut \u00eatre envoy\u00e9 par e-mail \u00e0 l&rsquo;adresse : <a>sklep@bwcompany.pl<\/a><\/p><p>En cas de demande de l&rsquo;utilisateur du service r\u00e9sultant des droits mentionn\u00e9s ci-dessus, l&rsquo;Administrateur satisfait la demande ou refuse de la satisfaire imm\u00e9diatement, au plus tard dans un mois apr\u00e8s sa r\u00e9ception.<\/p><p>Cependant, si &#8211; en raison de la nature complexe de la demande ou du nombre de demandes &#8211; l&rsquo;Administrateur ne peut pas satisfaire la demande dans un mois, il la satisfait dans les deux mois suivants, en informant pr\u00e9alablement l&rsquo;utilisateur du service dans un d\u00e9lai d&rsquo;un mois apr\u00e8s r\u00e9ception de la demande &#8211; sur l&rsquo;intention de prolonger le d\u00e9lai et ses raisons.<\/p><p>En cas de constatation que le traitement des donn\u00e9es personnelles viole les dispositions du RGPD, la personne \u00e0 laquelle les donn\u00e9es se rapportent a le droit de d\u00e9poser une plainte aupr\u00e8s du Pr\u00e9sident de l&rsquo;Office de Protection des Donn\u00e9es Personnelles.<\/p><p><\/p><h3 class=\"wp-block-heading\"><strong> \u00a7 5 FICHIERS \u00ab\u00a0COOKIES\u00a0\u00bb<\/strong><\/h3><p>Le site de l&rsquo;Administrateur utilise des fichiers \u00ab\u00a0cookies\u00a0\u00bb. L&rsquo;installation des \u00ab\u00a0cookies\u00a0\u00bb est n\u00e9cessaire pour la fourniture correcte des services sur le site du Magasin. Les \u00ab\u00a0cookies\u00a0\u00bb contiennent des informations n\u00e9cessaires au bon fonctionnement du site, et ils permettent \u00e9galement de compiler des statistiques g\u00e9n\u00e9rales de visite du site web.<\/p><p>Deux types de \u00ab\u00a0cookies\u00a0\u00bb sont utilis\u00e9s sur le site : \u00ab\u00a0session\u00a0\u00bb et \u00ab\u00a0permanents\u00a0\u00bb. Les \u00ab\u00a0cookies\u00a0\u00bb de \u00ab\u00a0session\u00a0\u00bb sont des fichiers temporaires qui sont stock\u00e9s dans le dispositif terminal de l&rsquo;utilisateur du service jusqu&rsquo;\u00e0 la d\u00e9connexion (quitter la page), les fichiers \u00ab\u00a0cookies\u00a0\u00bb \u00ab\u00a0permanents\u00a0\u00bb sont stock\u00e9s dans le dispositif terminal de l&rsquo;utilisateur du service pendant la dur\u00e9e sp\u00e9cifi\u00e9e dans les param\u00e8tres des \u00ab\u00a0cookies\u00a0\u00bb ou jusqu&rsquo;\u00e0 leur suppression par l&rsquo;utilisateur du service.<\/p><p>L&rsquo;Administrateur utilise ses propres cookies afin de mieux comprendre la mani\u00e8re dont les utilisateurs du service interagissent en termes de contenu de la page. Les cookies collectent des informations sur la mani\u00e8re dont l&rsquo;utilisateur du service utilise le site web, le type de page depuis laquelle l&rsquo;utilisateur du service a \u00e9t\u00e9 redirig\u00e9, ainsi que le nombre de visites et la dur\u00e9e de la visite de l&rsquo;utilisateur du service sur le site web. Ces informations n&rsquo;enregistrent pas de donn\u00e9es personnelles sp\u00e9cifiques de l&rsquo;utilisateur du service, mais servent \u00e0 compiler des statistiques sur l&rsquo;utilisation du site.<\/p><p>L&rsquo;Administrateur utilise \u00e9galement des cookies externes pour collecter des donn\u00e9es statistiques g\u00e9n\u00e9rales et anonymes via les outils analytiques de Google Analytics (administrateur de cookies externe : Google LLC bas\u00e9 aux \u00c9tats-Unis).<\/p><p>Les cookies peuvent \u00e9galement \u00eatre utilis\u00e9s par des r\u00e9seaux publicitaires (en particulier le r\u00e9seau Google) pour afficher des annonces adapt\u00e9es \u00e0 la mani\u00e8re dont l&rsquo;utilisateur du service utilise le Magasin. \u00c0 cette fin, ils peuvent conserver des informations sur le chemin de navigation de l&rsquo;utilisateur du service ou le temps pass\u00e9 sur une page donn\u00e9e.<\/p><p>L&rsquo;utilisateur du service a le droit de d\u00e9cider de l&rsquo;acc\u00e8s des \u00ab\u00a0cookies\u00a0\u00bb \u00e0 son ordinateur en :<\/p><ul><li>choisissant les types de cookies pour lesquels il donne son consentement imm\u00e9diatement apr\u00e8s \u00eatre entr\u00e9 sur la page du Magasin et l&rsquo;apparition du message concernant les cookies,<\/li>\n\n<li>modifiant les param\u00e8tres dans la fen\u00eatre de son navigateur.<\/li><\/ul><p>Des informations d\u00e9taill\u00e9es sur les possibilit\u00e9s et les m\u00e9thodes de gestion des \u00ab\u00a0cookies\u00a0\u00bb sont \u00e9galement disponibles dans les param\u00e8tres du logiciel (navigateur Internet).<\/p><p><\/p><h3 class=\"wp-block-heading\"><strong><strong> \u00a7 6<\/strong> SERVICES SUPPL\u00c9MENTAIRES LI\u00c9S \u00c0 L&rsquo;ACTIVIT\u00c9 DE L&rsquo;UTILISATEUR DANS LE MAGASIN<\/strong><\/h3><p>Dans le Magasin, les dites prises sociales (\u00ab\u00a0plugins\u00a0\u00bb) des r\u00e9seaux sociaux sont utilis\u00e9es. En affichant une page web <a href=\"http:\/\/www.bwcompanyshop.com\/\">www.bwcompanyshop.com<\/a> contenant un tel plugin, le navigateur de l&rsquo;utilisateur du service \u00e9tablit une connexion directe avec les serveurs de Facebook, Instagram, Twitter et YouTube. Le contenu du plugin est transmis par le fournisseur de services respectif directement au navigateur de l&rsquo;utilisateur du service et int\u00e9gr\u00e9 \u00e0 la page.<\/p><p>Gr\u00e2ce \u00e0 cette int\u00e9gration, les fournisseurs de services re\u00e7oivent des informations selon lesquelles le navigateur de l&rsquo;utilisateur du service a affich\u00e9 la page <a href=\"http:\/\/www.bwcompanyshop.com\/\">www.bwcompanyshop.com<\/a>, m\u00eame si l&rsquo;utilisateur du service n&rsquo;a pas de profil chez le fournisseur de services ou n&rsquo;est pas connect\u00e9 \u00e0 ce moment-l\u00e0. Cette information (y compris l&rsquo;adresse IP de l&rsquo;utilisateur du service) est envoy\u00e9e par le navigateur directement au serveur du fournisseur de services respectif (certains serveurs sont situ\u00e9s aux \u00c9tats-Unis) et y est stock\u00e9e.<\/p><p>Si l&rsquo;utilisateur du service se connecte \u00e0 l&rsquo;un des r\u00e9seaux sociaux mentionn\u00e9s ci-dessus, alors ce fournisseur de services pourra directement associer la visite sur la page <a href=\"http:\/\/www.bwcompanyshop.com\/\">www.bwcompanyshop.com<\/a> au profil de l&rsquo;utilisateur du service dans le r\u00e9seau social respectif.<\/p><p>Si l&rsquo;utilisateur du service utilise le plugin, par exemple en cliquant sur le bouton \u00ab\u00a0J&rsquo;aime\u00a0\u00bb ou le bouton \u00ab\u00a0Partager\u00a0\u00bb, l&rsquo;information correspondante sera \u00e9galement envoy\u00e9e directement au serveur du fournisseur de services respectif et y sera conserv\u00e9e.<\/p><p>Le but et l&rsquo;\u00e9tendue de la collecte des donn\u00e9es ainsi que leur traitement et utilisation ult\u00e9rieurs par les fournisseurs de services, ainsi que la possibilit\u00e9 de contact et les droits de l&rsquo;utilisateur du service \u00e0 cet \u00e9gard et la possibilit\u00e9 de faire des r\u00e9glages pour prot\u00e9ger la vie priv\u00e9e de l&rsquo;utilisateur du service ont \u00e9t\u00e9 d\u00e9crits dans la politique de confidentialit\u00e9 des fournisseurs de services :<\/p><p>Si l&rsquo;utilisateur du service ne souhaite pas que les r\u00e9seaux sociaux associent les donn\u00e9es collect\u00e9es lors des visites sur la page <a href=\"http:\/\/www.bwcompanyshop.com\/\">www.bwcompanyshop.com<\/a> directement \u00e0 son profil dans un service donn\u00e9, alors avant de visiter la page <a href=\"http:\/\/www.bwcompanyshop.com\/\">www.bwcompanyshop.com<\/a>, il doit se d\u00e9connecter de ce service. L&rsquo;utilisateur du service peut \u00e9galement emp\u00eacher compl\u00e8tement le chargement des plugins sur la page en utilisant des extensions appropri\u00e9es pour le navigateur, par exemple en bloquant les scripts avec \u00ab\u00a0NoScript\u00a0\u00bb.<\/p><p>L&rsquo;Administrateur utilise sur son site des outils de remarketing, tels que Google Ads. Leur utilisation implique l&rsquo;utilisation de cookies de Google LLC concernant le service Google Ads. Dans le cadre du m\u00e9canisme de gestion des param\u00e8tres des cookies, l&rsquo;utilisateur du service a la possibilit\u00e9 de d\u00e9cider si le Prestataire de services pourra utiliser Google Ads (administrateur de cookies externe : Google LLC bas\u00e9 aux \u00c9tats-Unis) \u00e0 son \u00e9gard.<\/p><p><\/p><h3 class=\"wp-block-heading\"><strong><strong>\u00a7 7<\/strong> DISPOSITIONS FINALES<\/strong><\/h3><p>L&rsquo;Administrateur applique des mesures techniques et organisationnelles garantissant la protection des donn\u00e9es personnelles trait\u00e9es appropri\u00e9e aux menaces et \u00e0 la cat\u00e9gorie de donn\u00e9es couvertes par la protection, et en particulier s\u00e9curise les donn\u00e9es contre leur divulgation \u00e0 des personnes non autoris\u00e9es, leur prise par une personne non autoris\u00e9e, leur traitement en violation des dispositions applicables, ainsi que contre leur modification, perte, endommagement ou destruction.<\/p><p>L&rsquo;Administrateur fournit des moyens techniques appropri\u00e9s pour emp\u00eacher l&rsquo;acquisition et la modification par des personnes non autoris\u00e9es des donn\u00e9es personnelles transmises par voie \u00e9lectronique.<\/p><p>Dans les affaires non r\u00e9glement\u00e9es par cette Politique de Confidentialit\u00e9, les dispositions du RGPD et d&rsquo;autres dispositions pertinentes du droit polonais sont appliqu\u00e9es en cons\u00e9quence.<\/p>","protected":false},"excerpt":{"rendered":"<p>WWW.BWCOMPANYSHOP.COM \u00a7 1 DISPOSITIONS G\u00c9N\u00c9RALES L&rsquo;administrateur des donn\u00e9es personnelles collect\u00e9es via la boutique en ligne www.bwcompanyshop.com est B&amp;W SOCI\u00c9T\u00c9 \u00c0 RESPONSABILIT\u00c9 LIMIT\u00c9E inscrite au Registre des Entrepreneurs par le TRIBUNAL DE DISTRICT POUR KRAK\u00d3W \u015aR\u00d3DMIE\u015aCIE \u00c0 KRAK\u00d3W, XII DIVISION COMMERCIALE DU REGISTRE NATIONAL DES TRIBUNAUX sous le num\u00e9ro KRS : 0000772290. Capital social : 280&hellip;&nbsp;<a href=\"https:\/\/www.bwcompanyshop.com\/fr\/politique-de-confidentialite-de-la-boutique-en-ligne\/\" rel=\"bookmark\">Lire la suite &raquo;<span class=\"screen-reader-text\">Politique de confidentialit\u00e9 de la boutique en ligne<\/span><\/a><\/p>\n","protected":false},"author":2,"featured_media":0,"parent":0,"menu_order":0,"comment_status":"closed","ping_status":"closed","template":"","meta":{"neve_meta_sidebar":"","neve_meta_container":"","neve_meta_enable_content_width":"","neve_meta_content_width":0,"neve_meta_title_alignment":"","neve_meta_author_avatar":"","neve_post_elements_order":"","neve_meta_disable_header":"","neve_meta_disable_footer":"","neve_meta_disable_title":"","_themeisle_gutenberg_block_has_review":false,"footnotes":""},"jetpack_sharing_enabled":true,"_links":{"self":[{"href":"https:\/\/www.bwcompanyshop.com\/fr\/wp-json\/wp\/v2\/pages\/950"}],"collection":[{"href":"https:\/\/www.bwcompanyshop.com\/fr\/wp-json\/wp\/v2\/pages"}],"about":[{"href":"https:\/\/www.bwcompanyshop.com\/fr\/wp-json\/wp\/v2\/types\/page"}],"author":[{"embeddable":true,"href":"https:\/\/www.bwcompanyshop.com\/fr\/wp-json\/wp\/v2\/users\/2"}],"replies":[{"embeddable":true,"href":"https:\/\/www.bwcompanyshop.com\/fr\/wp-json\/wp\/v2\/comments?post=950"}],"version-history":[{"count":1,"href":"https:\/\/www.bwcompanyshop.com\/fr\/wp-json\/wp\/v2\/pages\/950\/revisions"}],"predecessor-version":[{"id":951,"href":"https:\/\/www.bwcompanyshop.com\/fr\/wp-json\/wp\/v2\/pages\/950\/revisions\/951"}],"wp:attachment":[{"href":"https:\/\/www.bwcompanyshop.com\/fr\/wp-json\/wp\/v2\/media?parent=950"}],"curies":[{"name":"wp","href":"https:\/\/api.w.org\/{rel}","templated":true}]}}