{"id":1147,"date":"2024-07-04T08:07:06","date_gmt":"2024-07-04T08:07:06","guid":{"rendered":"https:\/\/www.bwcompanyshop.com\/produkt\/bac-a-sable-en-bois-250-kg-scandinavian-house\/"},"modified":"2024-07-15T09:13:13","modified_gmt":"2024-07-15T09:13:13","slug":"bac-a-sable-en-bois-250-kg-scandinavian-house","status":"publish","type":"product","link":"https:\/\/www.bwcompanyshop.com\/fr\/produkt\/bac-a-sable-en-bois-250-kg-scandinavian-house\/","title":{"rendered":"Bac \u00e0 sable ferm\u00e9 en bois avec bancs 120x120cm"},"content":{"rendered":"<p><strong>Bac \u00e0 sable en bois verrouillable avec bancs 120&#215;120 cm &#8211; montage rapide, qualit\u00e9 sup\u00e9rieure<\/strong><\/p>\n<p>Offrez \u00e0 votre enfant une aventure pleine de plaisir et de possibilit\u00e9s avec notre nouveau bac \u00e0 sable verrouillable avec bancs. C&rsquo;est le premier bac \u00e0 sable sur le march\u00e9 qui est extr\u00eamement facile et rapide \u00e0 assembler. Chaque d\u00e9tail a \u00e9t\u00e9 pens\u00e9 pour garantir la s\u00e9curit\u00e9 et le plaisir.<\/p>\n<p>Le bac \u00e0 sable est fabriqu\u00e9 en bois d&rsquo;\u00e9pic\u00e9a de premi\u00e8re qualit\u00e9, certifi\u00e9 <strong>ISPM-15<\/strong>. Les \u00e9l\u00e9ments du bac \u00e0 sable sont rabot\u00e9s et frais\u00e9s, ce qui les rend agr\u00e9ables au toucher et s\u00fbrs pour les enfants.<\/p>\n<h3>Caract\u00e9ristiques du bac \u00e0 sable :<\/h3>\n<ul>\n<li><strong>Mat\u00e9riau de premi\u00e8re qualit\u00e9 :<\/strong> Fabriqu\u00e9 \u00e0 partir de planches rabot\u00e9es de 18 \u00e0 20 mm d&rsquo;\u00e9paisseur pour plus de robustesse et de s\u00e9curit\u00e9.<\/li>\n<li><strong>Confort :<\/strong> \u00c9quip\u00e9 de deux bancs pliants avec dossier qui permettent aux enfants de s&rsquo;asseoir confortablement.<\/li>\n<li><strong>S\u00e9curit\u00e9 :<\/strong> Tous les mat\u00e9riaux sont exempts de substances nocives et les planches ont des bords arrondis.<\/li>\n<li><strong>Assemblage rapide :<\/strong> gr\u00e2ce au nombre r\u00e9duit de planches, l&rsquo;assemblage est rapide et facile. Tout le mat\u00e9riel n\u00e9cessaire est inclus, vous n&rsquo;avez besoin que d&rsquo;un tournevis et d&rsquo;une perceuse.<\/li>\n<li><strong>Facile \u00e0 nettoyer :<\/strong> Des bancs pliables entourent le bac \u00e0 sable, prot\u00e9geant le sable des contaminants tels que les feuilles ou les animaux.<\/li>\n<li><strong>Personnalisation :<\/strong> les planches non trait\u00e9es permettent une finition individuelle selon les pr\u00e9f\u00e9rences de chacun.<\/li>\n<\/ul>\n<h3>Qu&rsquo;est-ce qui distingue notre bac \u00e0 sable ?<\/h3>\n<ul>\n<li><strong>R\u00e9duction des \u00e9l\u00e9ments :<\/strong> Le nombre de planches a \u00e9t\u00e9 divis\u00e9 par deux, ce qui facilite et acc\u00e9l\u00e8re l&rsquo;assemblage.<\/li>\n<li><strong>Facilit\u00e9 d&rsquo;assemblage :<\/strong> Tous les \u00e9l\u00e9ments n\u00e9cessaires sont inclus et des instructions claires facilitent le montage.<\/li>\n<li><strong>Qualit\u00e9 des mat\u00e9riaux :<\/strong> Les planches sont rabot\u00e9es, ponc\u00e9es et leurs bords sont arrondis. Les vis et les charni\u00e8res sont incluses.<\/li>\n<li><strong>Fabrication polonaise :<\/strong> fabriqu\u00e9 en Pologne avec une attention particuli\u00e8re aux moindres d\u00e9tails.<\/li>\n<\/ul>\n<h3>Sp\u00e9cification :<\/h3>\n<ul>\n<li><strong>Dimensions :<\/strong> 120 cm x 120 cm x 20 cm (une fois pli\u00e9)<\/li>\n<li><strong>Code du fabricant :<\/strong> 8858<\/li>\n<li><strong>EAN (GTIN) :<\/strong> 5905261422040<\/li>\n<\/ul>\n<h3>Le kit comprend<\/h3>\n<ul>\n<li>Bac \u00e0 sable pliant avec bancs<\/li>\n<li>Tous les composants n\u00e9cessaires \u00e0 l&rsquo;assemblage<\/li>\n<\/ul>\n<h3>Recommandations :<\/h3>\n<ul>\n<li>Il est recommand\u00e9 d&rsquo;impr\u00e9gner les planches avant utilisation afin de prolonger la dur\u00e9e de vie du produit.<\/li>\n<\/ul>\n<p>D\u00e9couvrez un espace de jeu s\u00fbr gr\u00e2ce \u00e0 notre bac \u00e0 sable verrouillable innovant !<\/p>\n","protected":false},"excerpt":{"rendered":"<p><strong>Bac \u00e0 sable ferm\u00e9 en bois avec bancs 120&#215;120 cm &#8211; montage rapide, haute qualit\u00e9<\/strong><\/p>\n<p>Offrez \u00e0 votre enfant des moments inoubliables avec le bac \u00e0 sable en bois de 120&#215;120 cm. Fabriqu\u00e9 en bois d&rsquo;\u00e9pic\u00e9a de premi\u00e8re qualit\u00e9, il est certifi\u00e9 ISPM-15. Deux bancs pliants avec dossier assurent le confort, et la conception verrouillable emp\u00eache le sable de p\u00e9n\u00e9trer. Installation simple et rapide gr\u00e2ce \u00e0 un nombre minimum de composants. Id\u00e9al pour les enfants, sans danger et sans risque d&rsquo;allergie.<\/p>\n","protected":false},"featured_media":1222,"comment_status":"open","ping_status":"closed","template":"","meta":{"neve_meta_sidebar":"","neve_meta_container":"","neve_meta_enable_content_width":"off","neve_meta_content_width":100,"neve_meta_title_alignment":"","neve_meta_author_avatar":"","neve_post_elements_order":"","neve_meta_disable_header":"","neve_meta_disable_footer":"","neve_meta_disable_title":"","_themeisle_gutenberg_block_has_review":false},"product_cat":[68],"product_tag":[],"jetpack_sharing_enabled":true,"_links":{"self":[{"href":"https:\/\/www.bwcompanyshop.com\/fr\/wp-json\/wp\/v2\/product\/1147"}],"collection":[{"href":"https:\/\/www.bwcompanyshop.com\/fr\/wp-json\/wp\/v2\/product"}],"about":[{"href":"https:\/\/www.bwcompanyshop.com\/fr\/wp-json\/wp\/v2\/types\/product"}],"replies":[{"embeddable":true,"href":"https:\/\/www.bwcompanyshop.com\/fr\/wp-json\/wp\/v2\/comments?post=1147"}],"wp:featuredmedia":[{"embeddable":true,"href":"https:\/\/www.bwcompanyshop.com\/fr\/wp-json\/wp\/v2\/media\/1222"}],"wp:attachment":[{"href":"https:\/\/www.bwcompanyshop.com\/fr\/wp-json\/wp\/v2\/media?parent=1147"}],"wp:term":[{"taxonomy":"product_cat","embeddable":true,"href":"https:\/\/www.bwcompanyshop.com\/fr\/wp-json\/wp\/v2\/product_cat?post=1147"},{"taxonomy":"product_tag","embeddable":true,"href":"https:\/\/www.bwcompanyshop.com\/fr\/wp-json\/wp\/v2\/product_tag?post=1147"}],"curies":[{"name":"wp","href":"https:\/\/api.w.org\/{rel}","templated":true}]}}