{"id":1278,"date":"2024-05-17T07:43:03","date_gmt":"2024-05-17T07:43:03","guid":{"rendered":"https:\/\/www.bwcompanyshop.com\/consegna-e-pagamento\/"},"modified":"2024-08-28T09:04:24","modified_gmt":"2024-08-28T09:04:24","slug":"consegna-e-pagamento","status":"publish","type":"page","link":"https:\/\/www.bwcompanyshop.com\/it\/consegna-e-pagamento\/","title":{"rendered":"Consegna e pagamento"},"content":{"rendered":"<p class=\"has-text-align-center\"><a href=\"http:\/\/WWW.BWCOMPANYSHOP.COM\" data-type=\"link\" data-id=\"WWW.BWCOMPANYSHOP.COM\"><strong>WWW.BWCOMPANYSHOP.COM<\/strong><\/a><\/p><h3 class=\"wp-block-heading\">COSTO, TEMPI E MODALIT\u00c0 DI CONSEGNA DEL PRODOTTO<\/h3><blockquote class=\"wp-block-quote is-layout-flow wp-block-quote-is-layout-flow\"><ul><li>Le spese di consegna del Prodotto a carico del Cliente <strong>sono determinate durante il processo di ordinazione<\/strong> e dipendono dalla scelta del metodo di pagamento e dalla modalit\u00e0 di consegna del Prodotto acquistato.<\/li>\n\n<li><strong>Il tempo di consegna del Prodotto<\/strong> \u00e8 costituito dal <strong>tempo necessario per la realizzazione del Prodotto e dal tempo necessario per la consegna del Prodotto da parte del vettore<\/strong>:<ul><li>Il tempo necessario per completare i Prodotti \u00e8 di 1 giorno lavorativo dal momento in cui vengono consegnati:<\/li>\n\n<li>la registrazione dei fondi pagati ai sensi del Contratto di Vendita sul conto del Venditore<\/li>\n\n<li>o autorizzazione positiva della transazione da parte di un sistema di pagamento elettronico<\/li>\n\n<li>o l&#8217;accettazione dell&#8217;Ordine per l&#8217;esecuzione da parte del Venditore in caso di scelta del pagamento alla consegna,<\/li>\n\n<li>la consegna dei beni mobili da parte del vettore avverr\u00e0 entro il termine dichiarato dal vettore stesso, vale a dire\nfino a 3 giorni lavorativi dal momento della spedizione (la consegna avviene solo nei giorni lavorativi, esclusi sabato, domenica e festivi). <\/li><\/ul><\/li>\n\n<li>I prodotti acquistati nel Negozio vengono spediti tramite corriere.<\/li><\/ul><\/blockquote><h2 class=\"wp-block-heading has-text-align-center\"><strong>Azienda B&amp;W<\/strong><\/h2><p class=\"has-text-align-center\"><strong>B&amp;W Sp.<br>z o.o.  <\/strong><br><br>34-120 Andrych\u00f3w ul. <br>S\u0142owackiego 4D\/2 POLONIA <br><strong>NIP (VATEU)<\/strong>: PL5512638820<\/p><p class=\"has-text-align-center\"><strong>Numero di conto bancario:<\/strong> PL 16 1020 1433 0000 1602 0184 3820<br>BIC SWIFT:\u00a0<strong>BPKOPLPW<\/strong><\/p><p class=\"has-text-align-center\"><br><strong>Tel:<\/strong> +48 500 301 733<br><strong>E-mail:<\/strong> sklep@bwcompany.pl<\/p>","protected":false},"excerpt":{"rendered":"<p>WWW.BWCOMPANYSHOP.COM COSTO, TEMPI E MODALIT\u00c0 DI CONSEGNA DEL PRODOTTO Azienda B&amp;W B&amp;W Sp.z o.o. 34-120 Andrych\u00f3w ul. S\u0142owackiego 4D\/2 POLONIA NIP (VATEU): PL5512638820 Numero di conto bancario: PL 16 1020 1433 0000 1602 0184 3820BIC SWIFT:\u00a0BPKOPLPW Tel: +48 500 301 733E-mail: sklep@bwcompany.pl<\/p>\n","protected":false},"author":2,"featured_media":0,"parent":0,"menu_order":0,"comment_status":"closed","ping_status":"closed","template":"","meta":{"neve_meta_sidebar":"","neve_meta_container":"","neve_meta_enable_content_width":"","neve_meta_content_width":0,"neve_meta_title_alignment":"","neve_meta_author_avatar":"","neve_post_elements_order":"","neve_meta_disable_header":"","neve_meta_disable_footer":"","neve_meta_disable_title":"","_themeisle_gutenberg_block_has_review":false,"footnotes":""},"jetpack_sharing_enabled":true,"_links":{"self":[{"href":"https:\/\/www.bwcompanyshop.com\/it\/wp-json\/wp\/v2\/pages\/1278"}],"collection":[{"href":"https:\/\/www.bwcompanyshop.com\/it\/wp-json\/wp\/v2\/pages"}],"about":[{"href":"https:\/\/www.bwcompanyshop.com\/it\/wp-json\/wp\/v2\/types\/page"}],"author":[{"embeddable":true,"href":"https:\/\/www.bwcompanyshop.com\/it\/wp-json\/wp\/v2\/users\/2"}],"replies":[{"embeddable":true,"href":"https:\/\/www.bwcompanyshop.com\/it\/wp-json\/wp\/v2\/comments?post=1278"}],"version-history":[{"count":3,"href":"https:\/\/www.bwcompanyshop.com\/it\/wp-json\/wp\/v2\/pages\/1278\/revisions"}],"predecessor-version":[{"id":1295,"href":"https:\/\/www.bwcompanyshop.com\/it\/wp-json\/wp\/v2\/pages\/1278\/revisions\/1295"}],"wp:attachment":[{"href":"https:\/\/www.bwcompanyshop.com\/it\/wp-json\/wp\/v2\/media?parent=1278"}],"curies":[{"name":"wp","href":"https:\/\/api.w.org\/{rel}","templated":true}]}}