{"id":956,"date":"2024-05-06T12:07:39","date_gmt":"2024-05-06T12:07:39","guid":{"rendered":"https:\/\/www.bwcompanyshop.com\/?page_id=956"},"modified":"2024-05-07T06:54:20","modified_gmt":"2024-05-07T06:54:20","slug":"956-2","status":"publish","type":"page","link":"https:\/\/www.bwcompanyshop.com\/it\/956-2\/","title":{"rendered":"La privacy del negozio online"},"content":{"rendered":"<p class=\"has-text-align-center\"><a href=\"http:\/\/www.bwcompanyshop.com\/\"><strong>www.bwcompanyshop.com<\/strong><\/a><\/p><h3 class=\"wp-block-heading\">\u00a7 1 DISPOSIZIONI GENERALI<\/h3><p>Il titolare dei dati personali raccolti tramite il negozio online <a href=\"http:\/\/www.bwcompanyshop.com\/\">www.bwcompanyshop.com<\/a> \u00e8 B&amp;W SP\u00d3\u0141KA Z OGRANICZON\u0104 ODPOWIEDZIALNO\u015aCI\u0104, registrata presso il Registro delle Imprese presso il TRIBUNALE DISTRETTUALE PER CRACOVIA \u015aR\u00d3DMIE\u015aCIE A CRACOVIA, XII REPARTO ECONOMICO DEL REGISTRO IMPRESE NAZIONALE con il numero KRS:<\/p><p>0000772290. Capitale sociale: 280 000,00 Z\u0141. Sede legale e indirizzo per le comunicazioni: ul. S\u0142owackiego 4D\/2, 34-120 Andrych\u00f3w, NIP: 5512638820, REGON: 382600445, indirizzo email: <a>sklep@bwcompany.pl<\/a>, numero di telefono: +48 506 175 899, di seguito denominato &#8220;Titolare&#8221; e contemporaneamente &#8220;Fornitore di Servizi&#8221;.<\/p><p>I dati personali raccolti dal Titolare tramite il sito web sono trattati conformemente al Regolamento (UE) 2016\/679 del Parlamento Europeo e del Consiglio del 27 aprile 2016 relativo alla protezione delle persone fisiche con riguardo al trattamento dei dati personali e alla libera circolazione di tali dati e che abroga la direttiva 95\/46\/CE (regolamento generale sulla protezione dei dati), di seguito denominato GDPR. Tutti i termini o le espressioni scritti nel presente Informativa sulla Privacy in maiuscolo devono essere interpretati conformemente alla loro definizione contenuta nel Regolamento del negozio online <a href=\"http:\/\/www.bwcompanyshop.com\/\">www.bwcompanyshop.com<\/a>.<\/p><h3 class=\"wp-block-heading\">\u00a7 2 TIPO DI DATI PERSONALI TRATTATI, SCOPO E AMBITO DELLA RACCOLTA DEI DATI<\/h3><p>SCOPO DEL TRATTAMENTO E BASE GIURIDICA. Il Titolare tratta i dati personali degli Utenti del negozio <a href=\"http:\/\/www.bwcompanyshop.com\/\">www.bwcompanyshop.com<\/a> in caso di: registrazione dell&#8217;Account nel Negozio per creare un account individuale e gestire tale Account sulla base dell&#8217;articolo 6, paragrafo 1, lettera b) del GDPR (esecuzione di un contratto per la fornitura di servizi mediante comunicazione elettronica in conformit\u00e0 con il Regolamento del Negozio), presentazione di un Ordine nel Negozio per eseguire un Contratto di Vendita sulla base dell&#8217;articolo 6, paragrafo 1, lettera b) del GDPR (esecuzione di un contratto di vendita), utilizzo del Sistema di Opinioni per consentire al Cliente di esprimere il proprio parere sul Prodotto acquistato nel Negozio e sul Contratto di Vendita concluso con il Venditore sulla base dell&#8217;articolo 6, paragrafo 1, lettera f) del GDPR (interesse legittimo dell&#8217;imprenditore).<\/p><p>TIPO DI DATI PERSONALI TRATTATI. L&#8217;Utente fornisce in caso di: Account: indirizzo email, Ordini: nome e cognome, indirizzo, NIP, indirizzo email, numero di telefono, Sistema di Opinioni: nome e cognome, indirizzo email.<\/p><p>PERIODO DI ARCHIVIAZIONE DEI DATI PERSONALI. I dati personali degli Utenti sono conservati dal Titolare:<\/p><p>in caso la base giuridica del trattamento dei dati sia l&#8217;esecuzione di un contratto, per tutto il tempo necessario all&#8217;esecuzione del contratto, e successivamente per un periodo corrispondente al periodo di prescrizione dei diritti. Se una disposizione speciale non prevede diversamente, il termine di prescrizione \u00e8 di sei anni, e per i diritti a prestazioni periodiche e per i diritti legati all&#8217;esercizio dell&#8217;attivit\u00e0 commerciale &#8211; tre anni,<\/p><p>in caso la base giuridica del trattamento dei dati sia il consenso, fino a quando il consenso non viene revocato, e successivamente dopo il ritiro del consenso per un periodo corrispondente al periodo di prescrizione dei diritti che il Titolare pu\u00f2 far valere e che possono essere fatti valere nei suoi confronti. Se una disposizione speciale non prevede diversamente, il termine di prescrizione \u00e8 di sei anni, e per i diritti a prestazioni periodiche e per i diritti legati all&#8217;esercizio dell&#8217;attivit\u00e0 commerciale &#8211; tre anni.<\/p><p>Durante l&#8217;utilizzo del Negozio, possono essere raccolte ulteriori informazioni, in particolare: l&#8217;indirizzo IP assegnato al computer dell&#8217;Utente o l&#8217;indirizzo IP esterno del fornitore di servizi Internet, il nome di dominio, il tipo di browser, l&#8217;orario di accesso, il tipo di sistema operativo.<\/p><p>Dopo aver dato un consenso separato sulla base dell&#8217;articolo 6, paragrafo 1, lettera a) del GDPR, i dati possono essere trattati anche per inviare informazioni commerciali tramite posta elettronica o effettuare chiamate telefoniche per il marketing diretto &#8211; rispettivamente in relazione all&#8217;articolo 10, paragrafo 2, della Legge del 18 luglio 2002 sui servizi della societ\u00e0 dell&#8217;informazione o all&#8217;articolo 172, paragrafo 1, della Legge del 16 luglio 2004 &#8211; Legge sulle telecomunicazioni, incluse quelle inviate a seguito del profilo, se l&#8217;Utente ha dato il proprio consenso.<\/p><p>Gli Utenti possono anche essere soggetti alla raccolta di dati di navigazione, tra cui informazioni su link e collegamenti a cui scelgono di fare clic o altre azioni intraprese nel Negozio. La base giuridica di questo tipo di attivit\u00e0 \u00e8 l&#8217;interesse legittimo del Titolare (articolo 6, paragrafo 1, lettera f del GDPR) che consiste nel facilitare l&#8217;uso dei servizi resi per via elettronica e migliorarne la funzionalit\u00e0. La comunicazione dei dati personali da parte dell&#8217;Utente \u00e8 facoltativa.<\/p><p>Il Titolare presta particolare attenzione alla protezione degli interessi delle persone cui si riferiscono i dati e in particolare garantisce che i dati raccolti da lui siano:<\/p><p>trattati legalmente,<\/p><p>raccolti per scopi specifici, legittimi e non trattati ulteriormente in modo incompatibile con tali scopi,<\/p><p>corretti e adeguati ai fini per cui sono trattati e conservati in una forma che consenta l&#8217;identificazione delle persone cui si riferiscono, non pi\u00f9 a lungo di quanto sia necessario per raggiungere gli scopi del trattamento.<\/p><h3 class=\"wp-block-heading\">\u00a7 3 COMUNICAZIONE DEI DATI PERSONALI<\/h3><p>I dati personali degli Utenti sono comunicati a fornitori di servizi che il Titolare utilizza per gestire il Negozio, in particolare a:<\/p><p>soggetti che effettuano la consegna dei Prodotti,<\/p><p>fornitori di sistemi di pagamento,<\/p><p>fornitori di sistemi di indagini di opinione,<\/p><p>ufficio contabile,<\/p><p>fornitore di hosting,<\/p><p>fornitore di software per la gestione dell&#8217;attivit\u00e0,<\/p><p>soggetti che forniscono sistemi di posta,<\/p><p>fornitore di software per il funzionamento del negozio online.<\/p><p>I fornitori di servizi (di cui al punto 1 del presente paragrafo), ai quali vengono comunicati i dati personali, in base agli accordi contrattuali e alle circostanze, sono soggetti agli ordini del Titolare per quanto riguarda lo scopo e il modo di trattamento di tali dati (soggetti responsabili del trattamento) o determinano autonomamente lo scopo e il modo di trattamento (amministratori).<\/p><p>I dati personali degli Utenti sono conservati esclusivamente nello Spazio Economico Europeo (SEE), fatta eccezione per il \u00a7 5 punto 5 e il \u00a7 6 dell&#8217;Informativa sulla Privacy.<\/p><p>\u00a7 4 DIRITTO DI CONTROLLO, ACCESSO AI PROPRI DATI E CORREZIONE<\/p><p>La persona cui si riferiscono i dati ha il diritto di accedere ai propri dati personali e il diritto di rettifica, cancellazione, limitazione del trattamento, diritto alla portabilit\u00e0 dei dati, diritto di opporsi, diritto di revocare il consenso in qualsiasi momento senza pregiudicare la liceit\u00e0 del trattamento basata sul consenso prima del suo ritiro.<\/p><p>Le basi legali delle richieste dell&#8217;Utente:<\/p><p>accesso ai dati &#8211; articolo 15 del GDPR,<\/p><p>rettifica dei dati &#8211; articolo 16 del GDPR,<\/p><p>cancellazione dei dati (diritto all&#8217;oblio) &#8211; articolo 17 del GDPR,<\/p><p>limitazione del trattamento &#8211; articolo 18 del GDPR,<\/p><p>portabilit\u00e0 dei dati &#8211; articolo 20 del GDPR,<\/p><p>opposizione &#8211; articolo 21 del GDPR,<\/p><p>revoca del consenso &#8211; articolo 7, paragrafo 3, del GDPR.<\/p><p>Per esercitare i diritti di cui al punto 2, \u00e8 possibile inviare un&#8217;email appropriata all&#8217;indirizzo: <a>sklep@bwcompany.pl<\/a>. In caso di esercizio da parte dell&#8217;Utente di un diritto derivante dai diritti sopra menzionati, il Titolare soddisfa la richiesta o rifiuta di soddisfarla immediatamente, comunque non oltre un mese dal suo ricevimento. Tuttavia, se &#8211; a causa della natura complessa della richiesta o del numero di richieste &#8211; il Titolare non pu\u00f2 soddisfare la richiesta entro un mese, la soddisfer\u00e0 entro i successivi due mesi, informando preventivamente l&#8217;Utente entro un mese dalla ricezione della richiesta &#8211; dell&#8217;intenzione di prolungare il termine e delle sue ragioni. Nel caso in cui la persona cui si riferiscono i dati rilevi che il trattamento dei dati personali violi le disposizioni del GDPR, ha il diritto di presentare reclamo al Presidente dell&#8217;Ufficio per la protezione dei dati personali.<\/p><h3 class=\"wp-block-heading\">\u00a7 5 COOKIE<\/h3><p>Il sito web del Titolare utilizza i cookie.<\/p><p>L&#8217;installazione dei cookie \u00e8 necessaria per fornire correttamente i servizi sul sito web del Negozio. Nei cookie sono contenute informazioni necessarie per il corretto funzionamento del sito, nonch\u00e9 la possibilit\u00e0 di sviluppare statistiche generali sulle visite al sito web.<\/p><p>Nel contesto del sito web sono utilizzati due tipi di cookie: &#8220;sessione&#8221; e &#8220;persistente&#8221;.<\/p><p>I cookie &#8220;di sessione&#8221; sono file temporanei memorizzati nel dispositivo terminale dell&#8217;Utente fino al momento del logout (abbandono del sito),<\/p><p>I cookie &#8220;persistenti&#8221; sono file memorizzati nel dispositivo terminale dell&#8217;Utente per il tempo specificato nei parametri dei cookie o fino a quando vengono eliminati dall&#8217;Utente.<\/p><p>Il Titolare utilizza i propri cookie per comprendere meglio l&#8217;interazione degli Utenti con i contenuti del sito. I cookie raccolgono informazioni sull&#8217;uso del sito web da parte degli Utenti, sul tipo di sito da cui l&#8217;Utente \u00e8 stato reindirizzato e sul numero di visite e il tempo trascorso dall&#8217;Utente sul sito web. Queste informazioni non registrano dati personali specifici dell&#8217;Utente, ma sono utilizzate per sviluppare statistiche sull&#8217;uso del sito.<\/p><p>Il Titolare utilizza anche cookie esterni per raccogliere dati statistici generali e anonimi tramite gli strumenti analitici di Google Analytics (fornitore esterno dei cookie: Google LLC. con sede negli Stati Uniti).<\/p><p>I cookie possono essere utilizzati anche dalle reti pubblicitarie (in particolare la rete Google) per mostrare annunci pubblicitari in linea con il modo in cui l&#8217;Utente utilizza il Negozio. A tal fine, possono memorizzare informazioni sul percorso di navigazione dell&#8217;Utente o sul tempo trascorso su una determinata pagina.<\/p><p>L&#8217;Utente ha il diritto di decidere sull&#8217;accesso ai cookie sul proprio computer mediante:<\/p><p>selezionando i tipi di cookie che acconsente a raccogliere poco dopo l&#8217;accesso al Negozio e l&#8217;apparizione del messaggio sui cookie,<\/p><p>modificando le impostazioni nella finestra del proprio browser. Informazioni dettagliate sulle possibilit\u00e0 e i metodi di gestione dei cookie sono disponibili anche nelle impostazioni del software (browser web).<\/p><h3 class=\"wp-block-heading\">\u00a7 6 SERVIZI AGGIUNTIVI LEGATI ALL&#8217;ATTIVIT\u00c0 DELL&#8217;UTENTE NEL NEGOZIO<\/h3><p>Nel Negozio sono utilizzati i cosiddetti plug-in dei social media (&#8220;plug-in&#8221;) dei social network. Visualizzando il sito web <a href=\"http:\/\/www.bwcompanyshop.com\/\">www.bwcompanyshop.com<\/a>, che contiene tale plug-in, il browser dell&#8217;Utente stabilir\u00e0 una connessione diretta ai server di Facebook, Instagram, Twitter e YouTube.<\/p><p>Il contenuto del plug-in viene trasmesso direttamente dal fornitore di servizi al browser dell&#8217;Utente e integrato nel sito. Grazie a questa integrazione, i fornitori di servizi ricevono informazioni sul fatto che il browser dell&#8217;Utente ha visualizzato il sito web <a href=\"http:\/\/www.bwcompanyshop.com\/\">www.bwcompanyshop.com<\/a>, anche se l&#8217;Utente non ha un profilo presso il fornitore di servizi o non \u00e8 attualmente connesso a esso. Queste informazioni (insieme all&#8217;indirizzo IP dell&#8217;Utente) vengono trasmesse direttamente dal browser ai server del fornitore di servizi (alcuni dei quali si trovano negli Stati Uniti) e l\u00ec memorizzate.<\/p><p>Se l&#8217;Utente accede a uno dei suddetti servizi durante la visita al Negozio o ha gi\u00e0 un account presso uno di essi, il fornitore di servizi pu\u00f2 associare la visita al Negozio al suo account presso il fornitore di servizi. Se l&#8217;Utente interagisce con i plug-in, ad esempio facendo clic sul pulsante &#8220;Mi piace&#8221; o lasciando un commento, le informazioni pertinenti vengono trasmesse direttamente dal browser dell&#8217;Utente ai server del fornitore di servizi e l\u00ec memorizzate. Informazioni dettagliate sull&#8217;ambito e il tipo del trattamento dei dati personali effettuato dai fornitori di servizi, nonch\u00e9 sui diritti e le opzioni disponibili per proteggere la privacy degli Utenti in questa area sono contenute nelle politiche sulla privacy dei singoli fornitori di servizi.<\/p><p>Per migliorare l&#8217;interazione tra il Negozio e l&#8217;Utente, il Negozio utilizza la tecnologia Local Storage, che consiste nell&#8217;archiviazione locale di dati HTML5 nel browser dell&#8217;Utente. La funzione Local Storage consente di archiviare dati di sessione e di personalizzare il sito web alle esigenze individuali dell&#8217;Utente.<\/p><p>Il Negozio utilizza anche le funzionalit\u00e0 del plug-in di Google Maps per visualizzare mappe interattive direttamente sul sito web. Utilizzando tale funzionalit\u00e0, il browser dell&#8217;Utente stabilir\u00e0 una connessione diretta ai server di Google.<\/p><p>L&#8217;utilizzo di tali servizi comporta la trasmissione del tuo indirizzo IP al fornitore del servizio. Inoltre, il fornitore del servizio pu\u00f2 impostare i propri cookie sul dispositivo dell&#8217;Utente. Il Titolare non ha influenza sulle pratiche di raccolta dei dati di questi fornitori di servizi.<\/p><h3 class=\"wp-block-heading\">\u00a7 7 CAMBIAMENTI NELLA POLICY<\/h3><p>La presente Politica sulla Privacy pu\u00f2 essere modificata. Ogni cambiamento nella politica sulla privacy verr\u00e0 comunicato agli Utenti mediante l&#8217;aggiornamento della Politica sulla Privacy pubblicata nel Negozio <a href=\"http:\/\/www.bwcompanyshop.com\/\">www.bwcompanyshop.com<\/a>.<\/p><p>La Politica sulla Privacy entrer\u00e0 in vigore il 01.01.2024.<\/p>","protected":false},"excerpt":{"rendered":"<p>www.bwcompanyshop.com \u00a7 1 DISPOSIZIONI GENERALI Il titolare dei dati personali raccolti tramite il negozio online www.bwcompanyshop.com \u00e8 B&amp;W SP\u00d3\u0141KA Z OGRANICZON\u0104 ODPOWIEDZIALNO\u015aCI\u0104, registrata presso il Registro delle Imprese presso il TRIBUNALE DISTRETTUALE PER CRACOVIA \u015aR\u00d3DMIE\u015aCIE A CRACOVIA, XII REPARTO ECONOMICO DEL REGISTRO IMPRESE NAZIONALE con il numero KRS: 0000772290. Capitale sociale: 280 000,00 Z\u0141. Sede&hellip;&nbsp;<a href=\"https:\/\/www.bwcompanyshop.com\/it\/956-2\/\" rel=\"bookmark\">Leggi tutto &raquo;<span class=\"screen-reader-text\">La privacy del negozio online<\/span><\/a><\/p>\n","protected":false},"author":2,"featured_media":0,"parent":0,"menu_order":0,"comment_status":"closed","ping_status":"closed","template":"","meta":{"neve_meta_sidebar":"","neve_meta_container":"","neve_meta_enable_content_width":"","neve_meta_content_width":0,"neve_meta_title_alignment":"","neve_meta_author_avatar":"","neve_post_elements_order":"","neve_meta_disable_header":"","neve_meta_disable_footer":"","neve_meta_disable_title":"","_themeisle_gutenberg_block_has_review":false,"footnotes":""},"jetpack_sharing_enabled":true,"_links":{"self":[{"href":"https:\/\/www.bwcompanyshop.com\/it\/wp-json\/wp\/v2\/pages\/956"}],"collection":[{"href":"https:\/\/www.bwcompanyshop.com\/it\/wp-json\/wp\/v2\/pages"}],"about":[{"href":"https:\/\/www.bwcompanyshop.com\/it\/wp-json\/wp\/v2\/types\/page"}],"author":[{"embeddable":true,"href":"https:\/\/www.bwcompanyshop.com\/it\/wp-json\/wp\/v2\/users\/2"}],"replies":[{"embeddable":true,"href":"https:\/\/www.bwcompanyshop.com\/it\/wp-json\/wp\/v2\/comments?post=956"}],"version-history":[{"count":2,"href":"https:\/\/www.bwcompanyshop.com\/it\/wp-json\/wp\/v2\/pages\/956\/revisions"}],"predecessor-version":[{"id":958,"href":"https:\/\/www.bwcompanyshop.com\/it\/wp-json\/wp\/v2\/pages\/956\/revisions\/958"}],"wp:attachment":[{"href":"https:\/\/www.bwcompanyshop.com\/it\/wp-json\/wp\/v2\/media?parent=956"}],"curies":[{"name":"wp","href":"https:\/\/api.w.org\/{rel}","templated":true}]}}