{"id":1144,"date":"2024-07-04T08:07:06","date_gmt":"2024-07-04T08:07:06","guid":{"rendered":"https:\/\/www.bwcompanyshop.com\/produkt\/sabbiera-in-legno-250-kg-casa-scandinava\/"},"modified":"2024-07-15T09:13:59","modified_gmt":"2024-07-15T09:13:59","slug":"sabbiera-in-legno-250-kg-casa-scandinava","status":"publish","type":"product","link":"https:\/\/www.bwcompanyshop.com\/it\/produkt\/sabbiera-in-legno-250-kg-casa-scandinava\/","title":{"rendered":"Sabbiera chiusa in legno con panchine 120x120cm"},"content":{"rendered":"<p><strong>Sabbiera in legno chiudibile con panchine 120&#215;120 cm &#8211; montaggio rapido, qualit\u00e0 superiore<\/strong><\/p>\n<p>Regala al tuo bambino un&#8217;avventura piena di divertimento e di possibilit\u00e0 con la nostra nuova sabbiera con serratura e panchine. Questa \u00e8 la prima sabbiera sul mercato che \u00e8 estremamente facile e veloce da montare. Ogni dettaglio \u00e8 stato curato per garantire sicurezza e divertimento.<\/p>\n<p>La sabbiera \u00e8 realizzata in legno di abete rosso di prima qualit\u00e0, certificato da <strong>ISPM-15<\/strong>. Gli elementi della sabbiera sono piallati e fresati, il che li rende piacevoli al tatto e sicuri per i bambini.<\/p>\n<h3>Caratteristiche della Sandbox:<\/h3>\n<ul>\n<li><strong>Materiale di prima qualit\u00e0:<\/strong> Realizzato con tavole piallate di 18-20 mm di spessore per garantire robustezza e sicurezza.<\/li>\n<li><strong>Comfort: \u00e8<\/strong> dotato di due panche pieghevoli con schienale che offrono una seduta confortevole per i bambini.<\/li>\n<li><strong>Sicurezza:<\/strong> Tutti i materiali sono privi di sostanze nocive e le tavole hanno bordi arrotondati.<\/li>\n<li><strong>Montaggio rapido:<\/strong> grazie al numero ridotto di schede, il montaggio \u00e8 semplice e veloce. Tutti i materiali necessari sono inclusi, tutto ci\u00f2 di cui hai bisogno \u00e8 un cacciavite e un trapano.<\/li>\n<li><strong>Facile da mantenere pulito:<\/strong> Le panchine pieghevoli racchiudono la sabbiera, proteggendo la sabbia da agenti contaminanti come foglie o animali.<\/li>\n<li><strong>Personalizzazione:<\/strong> le tavole non trattate consentono una finitura individuale in base alle preferenze personali.<\/li>\n<\/ul>\n<h3>Cosa distingue la nostra sabbiera?<\/h3>\n<ul>\n<li><strong>Riduzione degli elementi:<\/strong> Il numero di tavole \u00e8 stato dimezzato, rendendo l&#8217;assemblaggio pi\u00f9 semplice e veloce.<\/li>\n<li><strong>Facilit\u00e0 di montaggio:<\/strong> Tutti i componenti necessari sono inclusi e le istruzioni chiare semplificano il montaggio.<\/li>\n<li><strong>Qualit\u00e0 dei materiali:<\/strong> le tavole sono piallate, levigate e i loro bordi sono arrotondati. Viti e cerniere sono incluse.<\/li>\n<li><strong>Produzione polacca:<\/strong> prodotto in Polonia con attenzione ai minimi dettagli.<\/li>\n<\/ul>\n<h3>Specifiche:<\/h3>\n<ul>\n<li><strong>Dimensioni:<\/strong> 120 cm x 120 cm x 20 cm (quando \u00e8 piegato)<\/li>\n<li><strong>Codice del produttore:<\/strong> 8858<\/li>\n<li><strong>EAN (GTIN):<\/strong> 5905261422040<\/li>\n<\/ul>\n<h3>Il kit comprende:<\/h3>\n<ul>\n<li>Sabbiera pieghevole con panchine<\/li>\n<li>Tutti i componenti necessari per l&#8217;assemblaggio<\/li>\n<\/ul>\n<h3>Raccomandazioni:<\/h3>\n<ul>\n<li>Si consiglia di impregnare le tavole prima dell&#8217;uso per prolungare la durata del prodotto.<\/li>\n<\/ul>\n<p>Scopri uno spazio di gioco sicuro con la nostra innovativa sabbiera con serratura!<\/p>\n","protected":false},"excerpt":{"rendered":"<p><strong>Sabbiera chiusa in legno con panchine 120&#215;120 cm &#8211; montaggio rapido, alta qualit\u00e0<\/strong><\/p>\n<p>Regala al tuo bambino momenti indimenticabili con la sabbiera in legno da 120&#215;120 cm. Realizzato in legno di abete rosso di prima classe, \u00e8 certificato ISPM-15. Due panche pieghevoli con schienale garantiscono il comfort e il design con serratura impedisce alla sabbia di entrare. Installazione semplice e veloce grazie a un numero minimo di componenti. Ideale per i bambini, sicuro e adatto alle allergie.<\/p>\n","protected":false},"featured_media":1224,"comment_status":"open","ping_status":"closed","template":"","meta":{"neve_meta_sidebar":"","neve_meta_container":"","neve_meta_enable_content_width":"off","neve_meta_content_width":100,"neve_meta_title_alignment":"","neve_meta_author_avatar":"","neve_post_elements_order":"","neve_meta_disable_header":"","neve_meta_disable_footer":"","neve_meta_disable_title":"","_themeisle_gutenberg_block_has_review":false},"product_cat":[65],"product_tag":[],"jetpack_sharing_enabled":true,"_links":{"self":[{"href":"https:\/\/www.bwcompanyshop.com\/it\/wp-json\/wp\/v2\/product\/1144"}],"collection":[{"href":"https:\/\/www.bwcompanyshop.com\/it\/wp-json\/wp\/v2\/product"}],"about":[{"href":"https:\/\/www.bwcompanyshop.com\/it\/wp-json\/wp\/v2\/types\/product"}],"replies":[{"embeddable":true,"href":"https:\/\/www.bwcompanyshop.com\/it\/wp-json\/wp\/v2\/comments?post=1144"}],"wp:featuredmedia":[{"embeddable":true,"href":"https:\/\/www.bwcompanyshop.com\/it\/wp-json\/wp\/v2\/media\/1224"}],"wp:attachment":[{"href":"https:\/\/www.bwcompanyshop.com\/it\/wp-json\/wp\/v2\/media?parent=1144"}],"wp:term":[{"taxonomy":"product_cat","embeddable":true,"href":"https:\/\/www.bwcompanyshop.com\/it\/wp-json\/wp\/v2\/product_cat?post=1144"},{"taxonomy":"product_tag","embeddable":true,"href":"https:\/\/www.bwcompanyshop.com\/it\/wp-json\/wp\/v2\/product_tag?post=1144"}],"curies":[{"name":"wp","href":"https:\/\/api.w.org\/{rel}","templated":true}]}}