{"id":843,"date":"2024-03-12T11:31:01","date_gmt":"2024-03-12T11:31:01","guid":{"rendered":"https:\/\/www.bwcompanyshop.com\/produkt\/orto-in-legno-1200-x-800-mm\/"},"modified":"2024-06-27T06:30:06","modified_gmt":"2024-06-27T06:30:06","slug":"orto-in-legno-1200-x-800-mm","status":"publish","type":"product","link":"https:\/\/www.bwcompanyshop.com\/it\/produkt\/orto-in-legno-1200-x-800-mm\/","title":{"rendered":"Orto in legno 1200 x 800 mm &#8211; set di 3 estensioni"},"content":{"rendered":"<p>Scopri le possibilit\u00e0 illimitate del tuo giardino con l&#8217;orto in legno B&amp;W. Nel mondo di oggi, dove lo spazio sta diventando una risorsa sempre pi\u00f9 preziosa, le estensioni per pallet offerte dalla nostra azienda stanno rivoluzionando il modo in cui puoi coltivare ortaggi ed erbe aromatiche. Che tu abbia un giardino esteso o un piccolo patio, i nostri prodotti offrono soluzioni pratiche, estetiche ed ergonomiche per trasformare qualsiasi spazio in un orto rigoglioso o in un giardino di erbe aromatiche.<\/p>\n<p>Realizzate con legno trattato di altissima qualit\u00e0, le nostre cassette per la verdura 1200&#215;800 sono progettate per resistere alle condizioni climatiche pi\u00f9 avverse, garantendo longevit\u00e0 e resistenza per gli anni a venire. Il loro design unico non solo facilita il controllo del raccolto, ma protegge anche le piante da parassiti e malattie, fornendo loro le condizioni perfette per la crescita.<\/p>\n<p>Con B&amp;W Company, coltivare ortaggi ed erbe aromatiche non \u00e8 mai stato cos\u00ec facile. Le nostre estensioni per pallet consentono di riposizionarle facilmente in giardino per sfruttare al meglio la luce del sole e lo spazio disponibile. Inoltre, il design ergonomico dei prodotti rende la cura delle piante un piacere anzich\u00e9 un lavoro, riducendo al minimo la necessit\u00e0 di piegarsi e di affaticare la schiena.<\/p>\n<h2>Istruzioni per l&#8217;assemblaggio della scatola:<\/h2>\n<p>Tutto quello che devi fare \u00e8 allineare le cerniere, inserire il dispositivo di chiusura e il gioco \u00e8 fatto. Puoi impilare le estensioni una sull&#8217;altra: ci vorranno solo pochi istanti! Per i clienti che apprezzano il fai-da-te, questo \u00e8 un grande divertimento. Un&#8217;altra opzione interessante \u00e8 che le tavole possono essere facilmente dipinte nel colore che preferisci. Nei giardini scandinavi, in particolare, troviamo aiuole colorate e semplicemente pittoresche, che spingono i proprietari a vantarsene sui social media.<\/p>\n<p><img data-recalc-dims=\"1\" loading=\"lazy\" decoding=\"async\" class=\"wp-image-785 size-full aligncenter\" src=\"https:\/\/i0.wp.com\/www.bwcompanyshop.com\/wp-content\/uploads\/2024\/03\/instrukcja-montazu.jpg?resize=744%2C600&#038;ssl=1\" alt=\"\" width=\"744\" height=\"600\" srcset=\"https:\/\/i0.wp.com\/www.bwcompanyshop.com\/wp-content\/uploads\/2024\/03\/instrukcja-montazu.jpg?w=744&amp;ssl=1 744w, https:\/\/i0.wp.com\/www.bwcompanyshop.com\/wp-content\/uploads\/2024\/03\/instrukcja-montazu.jpg?resize=300%2C242&amp;ssl=1 300w, https:\/\/i0.wp.com\/www.bwcompanyshop.com\/wp-content\/uploads\/2024\/03\/instrukcja-montazu.jpg?resize=600%2C484&amp;ssl=1 600w\" sizes=\"(max-width: 744px) 100vw, 744px\" \/><\/p>\n","protected":false},"excerpt":{"rendered":"<p>Orto in legno 1200 x 800, Cassetta in legno per l&#8217;orto<\/p>\n<p>Il set comprende 3 livelli di orto:<\/p>\n<ul>\n<li>6 tavole pi\u00f9 lunghe da 1200 mm<\/li>\n<li>6 tavole pi\u00f9 corte da 800 mm<\/li>\n<li>12 perni di cerniera<\/li>\n<\/ul>\n","protected":false},"featured_media":844,"comment_status":"open","ping_status":"closed","template":"","meta":{"neve_meta_sidebar":"","neve_meta_container":"","neve_meta_enable_content_width":"off","neve_meta_content_width":100,"neve_meta_title_alignment":"","neve_meta_author_avatar":"","neve_post_elements_order":"","neve_meta_disable_header":"","neve_meta_disable_footer":"","neve_meta_disable_title":"","_themeisle_gutenberg_block_has_review":false},"product_cat":[50],"product_tag":[],"jetpack_sharing_enabled":true,"_links":{"self":[{"href":"https:\/\/www.bwcompanyshop.com\/it\/wp-json\/wp\/v2\/product\/843"}],"collection":[{"href":"https:\/\/www.bwcompanyshop.com\/it\/wp-json\/wp\/v2\/product"}],"about":[{"href":"https:\/\/www.bwcompanyshop.com\/it\/wp-json\/wp\/v2\/types\/product"}],"replies":[{"embeddable":true,"href":"https:\/\/www.bwcompanyshop.com\/it\/wp-json\/wp\/v2\/comments?post=843"}],"wp:featuredmedia":[{"embeddable":true,"href":"https:\/\/www.bwcompanyshop.com\/it\/wp-json\/wp\/v2\/media\/844"}],"wp:attachment":[{"href":"https:\/\/www.bwcompanyshop.com\/it\/wp-json\/wp\/v2\/media?parent=843"}],"wp:term":[{"taxonomy":"product_cat","embeddable":true,"href":"https:\/\/www.bwcompanyshop.com\/it\/wp-json\/wp\/v2\/product_cat?post=843"},{"taxonomy":"product_tag","embeddable":true,"href":"https:\/\/www.bwcompanyshop.com\/it\/wp-json\/wp\/v2\/product_tag?post=843"}],"curies":[{"name":"wp","href":"https:\/\/api.w.org\/{rel}","templated":true}]}}